{"id":1150,"date":"2015-07-24T09:48:52","date_gmt":"2015-07-24T09:48:52","guid":{"rendered":"http:\/\/jacuzziclub.pl\/?page_id=1150"},"modified":"2015-07-24T09:48:52","modified_gmt":"2015-07-24T09:48:52","slug":"regulamin-newslettera","status":"publish","type":"page","link":"https:\/\/jacuzziclub.pl\/pl\/regulamin-newslettera\/","title":{"rendered":"Regulamin newslettera"},"content":{"rendered":"<h2>Niniejszy regulamin okre\u015bla zasady korzystania z newslettera.<\/h2>\n<p>1. Newsletter jest wysy\u0142any na zarejestrowany przez u\u017cytkownika adres poczty elektronicznej, zawiera informacje zwi\u0105zane z nasz\u0105 aktualn\u0105 dzia\u0142alno\u015bci\u0105, ciekawych wydarzeniach itp.<\/p>\n<p>2. Otrzymywanie newslettera jest bezp\u0142atne, jest wysy\u0142any drog\u0105 elektroniczn\u0105 w postaci listu elektronicznego.<\/p>\n<p>3. Zarejestrowany u\u017cytkownik w ka\u017cdej chwili mo\u017ce zmieni\u0107 adres, na kt\u00f3ry jest wysy\u0142any newsletter lub zrezygnowa\u0107 z dalszego jego otrzymywania wype\u0142niaj\u0105c odpowiedni formularz.<\/p>\n<p>4. Akceptacja regulaminu przez u\u017cytkownika jest r\u00f3wnoznaczna z wyra\u017ceniem zgody na przetwarzanie danych osobowych zwi\u0105zanych z obs\u0142ug\u0105 newsletter&#8217;a.<\/p>\n<p>5. Nie b\u0119dziemy udost\u0119pnia\u0107 powierzonych adres\u00f3w poczty elektronicznej osobom trzecim.<\/p>\n<p>6. Dopisuj\u0105c sw\u00f3j adres e-mail, do bezp\u0142atnej listy e-malingowej, zgadzacie si\u0119 Pa\u0144stwo si\u0119 na otrzymywanie informacji.","protected":false},"excerpt":{"rendered":"<p>Niniejszy regulamin okre\u015bla zasady korzystania z newslettera. 1. Newsletter jest wysy\u0142any na zarejestrowany przez u\u017cytkownika adres poczty elektronicznej, zawiera informacje zwi\u0105zane z nasz\u0105 aktualn\u0105 dzia\u0142alno\u015bci\u0105, ciekawych wydarzeniach itp. 2. Otrzymywanie newslettera jest bezp\u0142atne, jest wysy\u0142any drog\u0105 elektroniczn\u0105 w postaci listu elektronicznego. 3. Zarejestrowany u\u017cytkownik w ka\u017cdej chwili mo\u017ce zmieni\u0107 adres, na kt\u00f3ry jest wysy\u0142any newsletter lub zrezygnowa\u0107 z dalszego jego&nbsp;<a href=\"https:\/\/jacuzziclub.pl\/pl\/regulamin-newslettera\/\" class=\"read-more\">Continue Reading<\/a><\/p>\n","protected":false},"author":1,"featured_media":0,"parent":0,"menu_order":99,"comment_status":"open","ping_status":"open","template":"page-fullwidth_without_sidebar.php","meta":{"_monsterinsights_skip_tracking":false,"_monsterinsights_sitenote_active":false,"_monsterinsights_sitenote_note":"","_monsterinsights_sitenote_category":0,"footnotes":""},"class_list":["post-1150","page","type-page","status-publish","hentry"],"_links":{"self":[{"href":"https:\/\/jacuzziclub.pl\/pl\/wp-json\/wp\/v2\/pages\/1150","targetHints":{"allow":["GET"]}}],"collection":[{"href":"https:\/\/jacuzziclub.pl\/pl\/wp-json\/wp\/v2\/pages"}],"about":[{"href":"https:\/\/jacuzziclub.pl\/pl\/wp-json\/wp\/v2\/types\/page"}],"author":[{"embeddable":true,"href":"https:\/\/jacuzziclub.pl\/pl\/wp-json\/wp\/v2\/users\/1"}],"replies":[{"embeddable":true,"href":"https:\/\/jacuzziclub.pl\/pl\/wp-json\/wp\/v2\/comments?post=1150"}],"version-history":[{"count":1,"href":"https:\/\/jacuzziclub.pl\/pl\/wp-json\/wp\/v2\/pages\/1150\/revisions"}],"predecessor-version":[{"id":1152,"href":"https:\/\/jacuzziclub.pl\/pl\/wp-json\/wp\/v2\/pages\/1150\/revisions\/1152"}],"wp:attachment":[{"href":"https:\/\/jacuzziclub.pl\/pl\/wp-json\/wp\/v2\/media?parent=1150"}],"curies":[{"name":"wp","href":"https:\/\/api.w.org\/{rel}","templated":true}]}}