{"id":234,"date":"2013-07-22T13:07:36","date_gmt":"2013-07-22T13:07:36","guid":{"rendered":"http:\/\/jacuzziclub.pl\/?page_id=234"},"modified":"2025-08-18T11:44:18","modified_gmt":"2025-08-18T10:44:18","slug":"economy","status":"publish","type":"page","link":"https:\/\/jacuzziclub.pl\/pl\/economy\/","title":{"rendered":"Posi\u0142ki i bar"},"content":{"rendered":"&nbsp;<\/p>\n<p>Uwaga &#8211; nie \u015bwiadczymy og\u00f3lnie dost\u0119pnych us\u0142ug gastronomicznych. Posi\u0142ki oraz napoje z baru dost\u0119pne s\u0105 wy\u0142\u0105cznie dla os\u00f3b bior\u0105cych udzia\u0142 w organizowanych przez nas imprezach, a ich koszt doliczany jest do op\u0142aty za udzia\u0142 w imprezie.","protected":false},"excerpt":{"rendered":"<p>&nbsp; Uwaga &#8211; nie \u015bwiadczymy og\u00f3lnie dost\u0119pnych us\u0142ug gastronomicznych. Posi\u0142ki oraz napoje z baru dost\u0119pne s\u0105 wy\u0142\u0105cznie dla os\u00f3b bior\u0105cych udzia\u0142 w organizowanych przez nas imprezach, a ich koszt doliczany jest do op\u0142aty za udzia\u0142 w imprezie.<\/p>\n","protected":false},"author":1,"featured_media":0,"parent":0,"menu_order":4,"comment_status":"open","ping_status":"closed","template":"page-fullwidth_withLeftSidebar.php","meta":{"_monsterinsights_skip_tracking":false,"_monsterinsights_sitenote_active":false,"_monsterinsights_sitenote_note":"","_monsterinsights_sitenote_category":0,"footnotes":""},"class_list":["post-234","page","type-page","status-publish","hentry"],"_links":{"self":[{"href":"https:\/\/jacuzziclub.pl\/pl\/wp-json\/wp\/v2\/pages\/234","targetHints":{"allow":["GET"]}}],"collection":[{"href":"https:\/\/jacuzziclub.pl\/pl\/wp-json\/wp\/v2\/pages"}],"about":[{"href":"https:\/\/jacuzziclub.pl\/pl\/wp-json\/wp\/v2\/types\/page"}],"author":[{"embeddable":true,"href":"https:\/\/jacuzziclub.pl\/pl\/wp-json\/wp\/v2\/users\/1"}],"replies":[{"embeddable":true,"href":"https:\/\/jacuzziclub.pl\/pl\/wp-json\/wp\/v2\/comments?post=234"}],"version-history":[{"count":26,"href":"https:\/\/jacuzziclub.pl\/pl\/wp-json\/wp\/v2\/pages\/234\/revisions"}],"predecessor-version":[{"id":25818,"href":"https:\/\/jacuzziclub.pl\/pl\/wp-json\/wp\/v2\/pages\/234\/revisions\/25818"}],"wp:attachment":[{"href":"https:\/\/jacuzziclub.pl\/pl\/wp-json\/wp\/v2\/media?parent=234"}],"curies":[{"name":"wp","href":"https:\/\/api.w.org\/{rel}","templated":true}]}}