{"id":547,"date":"2013-08-05T07:19:36","date_gmt":"2013-08-05T07:19:36","guid":{"rendered":"http:\/\/jacuzziclub.pl\/?page_id=547"},"modified":"2026-04-21T19:56:52","modified_gmt":"2026-04-21T18:56:52","slug":"o-nas","status":"publish","type":"page","link":"https:\/\/jacuzziclub.pl\/pl\/o-nas\/","title":{"rendered":"O nas"},"content":{"rendered":"&nbsp;<\/p>\n<p><img loading=\"lazy\" decoding=\"async\" class=\"aligncenter size-full wp-image-24837\" src=\"https:\/\/jacuzziclub.pl\/wp-content\/uploads\/2024\/07\/IMG_2900-scaled.jpeg\" alt=\"\" width=\"2560\" height=\"1920\" srcset=\"https:\/\/jacuzziclub.pl\/wp-content\/uploads\/2024\/07\/IMG_2900-scaled.jpeg 2560w, https:\/\/jacuzziclub.pl\/wp-content\/uploads\/2024\/07\/IMG_2900-300x225.jpeg 300w, https:\/\/jacuzziclub.pl\/wp-content\/uploads\/2024\/07\/IMG_2900-1024x768.jpeg 1024w, https:\/\/jacuzziclub.pl\/wp-content\/uploads\/2024\/07\/IMG_2900-768x576.jpeg 768w, https:\/\/jacuzziclub.pl\/wp-content\/uploads\/2024\/07\/IMG_2900-1536x1152.jpeg 1536w, https:\/\/jacuzziclub.pl\/wp-content\/uploads\/2024\/07\/IMG_2900-2048x1536.jpeg 2048w\" sizes=\"auto, (max-width: 2560px) 100vw, 2560px\" \/><\/p>\n<h2>Zapraszamy do Jacuzzi Club &amp; Resort&#8230;<\/h2>\n<p>Witamy w jedynym w kraju o\u015brodku typu &#8222;Lifestyle Resort&#8221; (TYLKO dla doros\u0142ych) w kt\u00f3rym przygotowali\u015bmy miejsca do odpoczynku, relaksu i zabawy dla os\u00f3b tolerancyjnych i bezpruderyjnych. JC&amp;R jest klubem i o\u015brodkiem dla PAR i PA\u0143, do kt\u00f3rego zapraszamy te\u017c singli kt\u00f3rzy rozumiej\u0105 co znaczy &#8222;Ladies first&#8221;. Je\u015bli jeste\u015b takim singlem i chcesz do\u0142\u0105czy\u0107 do klubowego grona to postaraj si\u0119 przekona\u0107 nas aby\u015bmy to w\u0142a\u015bnie Ciebie zaprosili.<\/p>\n<p>Zapraszamy do nas ludzi o liberalnych pogl\u0105dach kt\u00f3rzy chc\u0105 sp\u0119dzi\u0107 czas w swobodnej, przyjacielskiej atmosferze bez sztucznej pruderii.\u00a0Je\u015bli jeste\u015b osob\u0105 z grupy okre\u015blanej na \u015bwiecie jako &#8222;open minded people&#8221; to Jacuzzi Resort jest miejscem dla Ciebie.<strong>\u00a0<\/strong><\/p>\n<p>O\u015brodek ma ponad 20 000 m.kw i znajd\u0105 tu miejsce dla siebie Go\u015bcie &#8222;tekstylni&#8221; i natury\u015bci. S\u0105 tutaj m.in prywatne pla\u017ce, baseny, le\u017caki, parasole, bary, sauny, solaria, jacuzzi itp.<\/p>\n<p>&#8222;Mo\u017cna u nas wiele ale nie trzeba nic&#8221;.\u00a0 Pami\u0119taj, \u017ce w klubie i o\u015brodku nie ma wrog\u00f3w &#8211; s\u0105 tylko koledzy i przyjaciele,\u00a0kt\u00f3rzy oczekuj\u0105 od Ciebie jedynie u\u015bmiechu, szacunku dla innych i przestrzegania obowi\u0105zuj\u0105cych tu zasad.<\/p>\n<p>W Europie jest wiele r\u00f3\u017cnych klub\u00f3w i naturalnie mo\u017cecie si\u0119 wybra\u0107 do Berlina, Barcelony, Londynu czy Amsterdamu. Tam te\u017c s\u0105 dobre kluby w kt\u00f3rych w r\u00f3\u017cnych dniach czy nocach organizowane s\u0105 imprezy tematyczne dla sympatyk\u00f3w r\u00f3\u017cnych zabaw.\u00a0Mo\u017cecie wybra\u0107 dowolny z tych klub\u00f3w i bawi\u0107 si\u0119 na imprezie jak\u0105 tej nocy w nim zorganizuj\u0105.<\/p>\n<h2><strong>Jasne, \u017ce mo\u017cecie! Ale po co?<\/strong><\/h2>\n<p>Teraz macie mo\u017cliwo\u015b\u0107 przyjazdu do Jacuzzi Club &amp; Resort gdzie w jednym miejscu, podczas jednej nocy, w cenie jednej wej\u015bci\u00f3wki mo\u017cecie bra\u0107 udzia\u0142 w kilku r\u00f3\u017cnych imprezach. To tak jakby\u015bcie podczas tej samej nocy mieli dost\u0119p do kilku r\u00f3\u017cnych klub\u00f3w! Je\u015bli tylko macie ochot\u0119 to wybierzecie u nas klub ze stref\u0105 tylko dla par, soft party, imprez\u0119 w jacuzzi czy dyskotece. Sympatycy bardziej pikantnych zabaw znajd\u0105 u nas np. strefy Fetish, Erotic Disco, Soft Party lub stref\u0119 zabawy w maskach i pelerynach czyli &#8222;Oczy szeroko zamkni\u0119te&#8221;. Latem skorzystacie z pla\u017cy, ogrodu w kt\u00f3rym jest kilkaset palm i innych ro\u015blin tropikalnych, zewn\u0119trznych basen\u00f3w, jacuzzi, we\u017amiecie udzia\u0142 w imprezach na pla\u017cy lub odpoczniecie pod palmami lub w baldachimach. Tego na co mo\u017cecie liczy\u0107 u nas, z takich zwyczajnych obiektywnych powod\u00f3w np. wielko\u015bci o\u015brodka, lokalizacji, ilo\u015bci atrakcji, klimatu imprez itd. nie znajdziecie w \u017cadnym innym klubie.<\/p>\n<h2>To naprawd\u0119 jest mo\u017cliwe tylko u nas &#8230;&#8230;.. bo s\u0105 kluby i jest te\u017c Jacuzzi Club &amp; Resort !<\/h2>\n<h2>I tak, tak. Wiemy, \u017ce to troch\u0119 nieskromne ale &#8230;&#8230; STRASZNIE fajne \ud83d\ude42<\/h2>\n<p>&nbsp;<\/p>\n<p>&nbsp;<\/p>\n<p>Uwaga &#8211; na teren o\u015brodka mog\u0105 wej\u015b\u0107 WY\u0141\u0104CZNIE Go\u015bcie kt\u00f3rzy otrzymali mailem zaproszenie na konkretny dzie\u0144\/dni oraz posiadacze aktualnych Kart Klubowych. W sprawie zaprosze\u0144 prosimy kontaktowa\u0107 si\u0119 na klubow\u0105 poczt\u0119 zgodnie z informacjami jakie zamie\u015bcili\u015bmy w dalszej cz\u0119\u015bci serwisu.<\/p>\n<p>&nbsp;<\/p>\n<p><span style=\"color: #ff9900;\"><strong>Zanim przejdziesz do dalszej cz\u0119\u015bci serwisu przeczytaj bardzo uwa\u017cnie:<\/strong><\/span><\/p>\n<ul>\n<li><a href=\"http:\/\/jacuzziclub.pl\/pl\/regulamin\/\" target=\"_blank\" rel=\"noopener\">REGULAMIN<\/a><\/li>\n<li><a href=\"http:\/\/jacuzziclub.pl\/pl\/zaproszenia-i-rezerwacje\/\" target=\"_blank\" rel=\"noopener\">ZAPROSZENIA I REZERWACJE<\/a><\/li>\n<li><a href=\"http:\/\/jacuzziclub.pl\/pl\/pierwsza-wizyta\/\" target=\"_blank\" rel=\"noopener\">PIERWSZA WIZYTA W KLUBIE<\/a><\/li>\n<li><a href=\"http:\/\/jacuzziclub.pl\/pl\/co-gdzie-i-kto-moze-wejsc\/\" target=\"_blank\" rel=\"noopener\">CO, GDZIE I KTO MO\u017bE WEJ\u015a\u0106<\/a><\/li>\n<\/ul>","protected":false},"excerpt":{"rendered":"<p>&nbsp; Zapraszamy do Jacuzzi Club &amp; Resort&#8230; Witamy w jedynym w kraju o\u015brodku typu &#8222;Lifestyle Resort&#8221; (TYLKO dla doros\u0142ych) w kt\u00f3rym przygotowali\u015bmy miejsca do odpoczynku, relaksu i zabawy dla os\u00f3b tolerancyjnych i bezpruderyjnych. JC&amp;R jest klubem i o\u015brodkiem dla PAR i PA\u0143, do kt\u00f3rego zapraszamy te\u017c singli kt\u00f3rzy rozumiej\u0105 co znaczy &#8222;Ladies first&#8221;. Je\u015bli jeste\u015b takim singlem i chcesz do\u0142\u0105czy\u0107&nbsp;<a href=\"https:\/\/jacuzziclub.pl\/pl\/o-nas\/\" class=\"read-more\">Continue Reading<\/a><\/p>\n","protected":false},"author":1,"featured_media":0,"parent":0,"menu_order":2,"comment_status":"open","ping_status":"open","template":"page-fullwidth_without_sidebar.php","meta":{"_monsterinsights_skip_tracking":false,"_monsterinsights_sitenote_active":false,"_monsterinsights_sitenote_note":"","_monsterinsights_sitenote_category":0,"footnotes":""},"class_list":["post-547","page","type-page","status-publish","hentry"],"_links":{"self":[{"href":"https:\/\/jacuzziclub.pl\/pl\/wp-json\/wp\/v2\/pages\/547","targetHints":{"allow":["GET"]}}],"collection":[{"href":"https:\/\/jacuzziclub.pl\/pl\/wp-json\/wp\/v2\/pages"}],"about":[{"href":"https:\/\/jacuzziclub.pl\/pl\/wp-json\/wp\/v2\/types\/page"}],"author":[{"embeddable":true,"href":"https:\/\/jacuzziclub.pl\/pl\/wp-json\/wp\/v2\/users\/1"}],"replies":[{"embeddable":true,"href":"https:\/\/jacuzziclub.pl\/pl\/wp-json\/wp\/v2\/comments?post=547"}],"version-history":[{"count":49,"href":"https:\/\/jacuzziclub.pl\/pl\/wp-json\/wp\/v2\/pages\/547\/revisions"}],"predecessor-version":[{"id":25908,"href":"https:\/\/jacuzziclub.pl\/pl\/wp-json\/wp\/v2\/pages\/547\/revisions\/25908"}],"wp:attachment":[{"href":"https:\/\/jacuzziclub.pl\/pl\/wp-json\/wp\/v2\/media?parent=547"}],"curies":[{"name":"wp","href":"https:\/\/api.w.org\/{rel}","templated":true}]}}