{"id":744,"date":"2013-08-22T13:17:55","date_gmt":"2013-08-22T13:17:55","guid":{"rendered":"http:\/\/jacuzziclub.pl\/?page_id=744"},"modified":"2024-05-22T12:13:49","modified_gmt":"2024-05-22T11:13:49","slug":"reception","status":"publish","type":"page","link":"https:\/\/jacuzziclub.pl\/pl\/reception\/","title":{"rendered":"Dlaczego my?"},"content":{"rendered":"<h2>Dlaczego my?<\/h2>\n<p><strong>Mo\u017cna by si\u0119 rozpisywa\u0107 &#8222;dlaczego my&#8221;, ale mo\u017cna te\u017c uj\u0105\u0107 to w kilku zdaniach, np. w takich \ud83d\ude42<\/strong><\/p>\n<p>&nbsp;<\/p>\n<p><strong>&#8230;&#8230;\u00a0 mo\u017cecie naturalnie jecha\u0107 w pi\u0105tek do jakiego\u015b klubu na gang bang, w sobot\u0119 mo\u017cecie si\u0119 wybra\u0107 do innego klubu na swingers party, za tydzie\u0144 znajdziecie gdzie\u015b klub w kt\u00f3rym spr\u00f3bujecie zabawy w klimatach sex party, fetish czy erotic disco.<\/strong><\/p>\n<p><strong>Mo\u017cecie odwiedzi\u0107 kilka klub\u00f3w szukaj\u0105c odpowiedniego w danym dniu\/nocy miejsca dla siebie.<\/strong><\/p>\n<p>&nbsp;<\/p>\n<h3><strong>Jasne, \u017ce mo\u017cecie &#8230;.. ale po co? \ud83d\ude42<\/strong><\/h3>\n<p>&nbsp;<\/p>\n<p><strong>W Jacuzzi Club &amp; Resort przygotowali\u015bmy wi\u0119cej atrakcji, wi\u0119cej playroom\u00f3w i miejsc do zabawy ni\u017c maj\u0105 WSZYSTKIE inne kluby w Polsce razem wzi\u0119te!!<\/strong><\/p>\n<p>&nbsp;<\/p>\n<p><strong>Tylko u nas w ci\u0105gu jednej nocy i w ramach jednej wej\u015bci\u00f3wki mo\u017cecie bra\u0107 udzia\u0142 w kilku r\u00f3\u017cnych imprezach tematycznych. Tylko u nas znajdziecie odr\u0119bne stefy zabawy, &#8222;Tylko dla par&#8221;, &#8222;Sex party&#8221;, &#8222;Oczy szeroko zamkni\u0119te&#8221;, &#8222;Gang Bang&#8221;, &#8222;Fetish\/Bdsm&#8221;, &#8222;Sex kino&#8221;,\u00a0 &#8222;Cuckold&#8221; czy &#8222;Erotic disco &#8211; Piana party&#8221;. Do tego baseny, saun\u0119, jacuzzi, bary, pokoje i apartamenty noclegowe, prywatn\u0105 pla\u017c\u0119 i wiele, wiele innych atrakcji &#8211; a wszystko to dost\u0119pne wy\u0142\u0105cznie dla os\u00f3b bior\u0105cych udzia\u0142 w organizowanych u nas imprezach.<\/strong><\/p>\n<p>&nbsp;<\/p>\n<p><strong>To czy, z kim i w jakiej strefie o\u015brodka b\u0119dziecie si\u0119 bawili podczas takiej dziennej czy nocnej imprezy zale\u017cy tylko od Was. Musicie jedynie pami\u0119ta\u0107 o zasadach obowi\u0105zuj\u0105cych w danej strefie oznacza to np. \u017ce do strefy &#8222;Tylko dla par&#8221; nie mo\u017ce wej\u015b\u0107 pan baz partnerki (nawet je\u015bli przyjecha\u0142 do klubu jako para), do strefy w kt\u00f3rej jest zabawa &#8222;Oczy szeroko zamkni\u0119te&#8221; mog\u0105 wej\u015b\u0107 wy\u0142\u0105cznie osoby przebrane w peleryny i maski (stroje s\u0105 w klubie), panie bior\u0105ce udzia\u0142 w imprezie &#8222;Wedding Party&#8221; musz\u0105 by\u0107 ubrane w suknie \u015blubne (ale te te\u017c s\u0105 dost\u0119pne w klubie), w strefie Gang Bang nie ma miejsca na kameraln\u0105 zabaw\u0119 dla jednej czy 2 par, a do strefy w kt\u00f3rej jest organizowane Naked Party nie wchodzi si\u0119 w strojach itd. Czyli takie normalne zasady kt\u00f3re pozwalaj\u0105 zachowa\u0107 klimat danej imprezy. \ud83d\ude42<\/strong><\/p>\n<p><strong>Zamiast je\u017adzi\u0107 co tydzie\u0144 do innego klubu, zamiast szuka\u0107 miejsca do zabawy, zamiast szuka\u0107 hotelu i taks\u00f3wki do klubu, mo\u017cecie przyjecha\u0107 na 2, 3 &#8211; 4 dni do nas i bawi\u0107 si\u0119 na wyj\u0105tkowej imprezie np.\u00a0 &#8222;w nocy z czwartku na niedziel\u0119&#8221; \ud83d\ude42<\/strong><\/p>\n<p>&nbsp;<\/p>\n<h3><strong>Jedna noc (czasami np. z czwartku na niedziel\u0119), jedna wej\u015bci\u00f3wka i wiele r\u00f3\u017cnych imprez &#8211; to jest mo\u017cliwe tylko u nas!!! &#8230;. bo s\u0105 kluby i jest te\u017c Jacuzzi Club &amp; Resort \ud83d\ude42<\/strong><\/h3>\n<p>&nbsp;<\/p>\n<p>&nbsp;<\/p>\n<h2><strong>&#8230;. tak, tak, wiemy, \u017ce to troch\u0119 nieskromne &#8230;.. ale STRASZNIE fajne \ud83d\ude42<\/strong><\/h2>\n<p>&nbsp;<\/p>\n<p>&nbsp;<\/p>\n<p><strong>Pami\u0119tajcie jednak, \u017ce do klubu\/o\u015brodka nie wchodzi ka\u017cdy i aby otrzyma\u0107 zaproszenie na nasze imprezy trzeba si\u0119 o nie postara\u0107. Pami\u0119tajcie te\u017c, \u017ce opisany na stronie Regulamin JC&amp;R to nie &#8222;chwyt reklamowy&#8221; tylko bardzo radykalnie egzekwowane przez nas zasady i ka\u017cdego kto ich nie przestrzega po prostu wypraszamy&#8230;..<\/strong><\/p>\n<p>&nbsp;<\/p>\n<p><strong>Je\u015bli chcecie do\u0142aczy\u0107 do klubowego grona, chcecie si\u0119 bawi\u0107 w wyj\u0105tkowym towarzystwie\u00a0 na najlepszych i cz\u0119sto najwi\u0119kszych imprezach dla swingers\u00f3w w Europie to zacznijcie od bardzo uwa\u017cnego przeczytania wszystkiego co zamie\u015bcili\u015bmy na stronie.<\/strong><\/p>\n<p>&nbsp;<\/p>\n<p>&nbsp;<\/p>\n<p>&nbsp;<\/p>\n<figure><\/figure>","protected":false},"excerpt":{"rendered":"<p>Dlaczego my? Mo\u017cna by si\u0119 rozpisywa\u0107 &#8222;dlaczego my&#8221;, ale mo\u017cna te\u017c uj\u0105\u0107 to w kilku zdaniach, np. w takich \ud83d\ude42 &nbsp; &#8230;&#8230;\u00a0 mo\u017cecie naturalnie jecha\u0107 w pi\u0105tek do jakiego\u015b klubu na gang bang, w sobot\u0119 mo\u017cecie si\u0119 wybra\u0107 do innego klubu na swingers party, za tydzie\u0144 znajdziecie gdzie\u015b klub w kt\u00f3rym spr\u00f3bujecie zabawy w klimatach sex party, fetish czy erotic&nbsp;<a href=\"https:\/\/jacuzziclub.pl\/pl\/reception\/\" class=\"read-more\">Continue Reading<\/a><\/p>\n","protected":false},"author":1,"featured_media":0,"parent":0,"menu_order":99,"comment_status":"open","ping_status":"open","template":"page-fullwidth_withRightSidebar.php","meta":{"_monsterinsights_skip_tracking":false,"_monsterinsights_sitenote_active":false,"_monsterinsights_sitenote_note":"","_monsterinsights_sitenote_category":0,"footnotes":""},"class_list":["post-744","page","type-page","status-publish","hentry"],"_links":{"self":[{"href":"https:\/\/jacuzziclub.pl\/pl\/wp-json\/wp\/v2\/pages\/744","targetHints":{"allow":["GET"]}}],"collection":[{"href":"https:\/\/jacuzziclub.pl\/pl\/wp-json\/wp\/v2\/pages"}],"about":[{"href":"https:\/\/jacuzziclub.pl\/pl\/wp-json\/wp\/v2\/types\/page"}],"author":[{"embeddable":true,"href":"https:\/\/jacuzziclub.pl\/pl\/wp-json\/wp\/v2\/users\/1"}],"replies":[{"embeddable":true,"href":"https:\/\/jacuzziclub.pl\/pl\/wp-json\/wp\/v2\/comments?post=744"}],"version-history":[{"count":22,"href":"https:\/\/jacuzziclub.pl\/pl\/wp-json\/wp\/v2\/pages\/744\/revisions"}],"predecessor-version":[{"id":24767,"href":"https:\/\/jacuzziclub.pl\/pl\/wp-json\/wp\/v2\/pages\/744\/revisions\/24767"}],"wp:attachment":[{"href":"https:\/\/jacuzziclub.pl\/pl\/wp-json\/wp\/v2\/media?parent=744"}],"curies":[{"name":"wp","href":"https:\/\/api.w.org\/{rel}","templated":true}]}}