{"id":746,"date":"2013-08-22T13:20:02","date_gmt":"2013-08-22T13:20:02","guid":{"rendered":"http:\/\/jacuzziclub.pl\/?page_id=746"},"modified":"2024-03-10T03:34:56","modified_gmt":"2024-03-10T02:34:56","slug":"hotel-guide","status":"publish","type":"page","link":"https:\/\/jacuzziclub.pl\/pl\/hotel-guide\/","title":{"rendered":"R\u00f3\u017cowe Wczasy"},"content":{"rendered":"&nbsp;<\/p>\n<p>W sezonie letnim nie organizujemy tzw. R\u00f3\u017cowych Wczas\u00f3w w formie turnusu &#8222;czwartek-niedziela&#8221;, zapraszamy na kilkudniowe pobyty\/imprezy w dowolnie wybranym terminie. \u0141\u0105czny koszt pobytu to koszt wybranego na dany okres pokoju oraz wej\u015bci\u00f3wek na imprezy jakie b\u0119d\u0105 w tym czasie organizowane.<\/p>\n<p>&nbsp;","protected":false},"excerpt":{"rendered":"<p>&nbsp; W sezonie letnim nie organizujemy tzw. R\u00f3\u017cowych Wczas\u00f3w w formie turnusu &#8222;czwartek-niedziela&#8221;, zapraszamy na kilkudniowe pobyty\/imprezy w dowolnie wybranym terminie. \u0141\u0105czny koszt pobytu to koszt wybranego na dany okres pokoju oraz wej\u015bci\u00f3wek na imprezy jakie b\u0119d\u0105 w tym czasie organizowane. &nbsp;<\/p>\n","protected":false},"author":1,"featured_media":1659,"parent":0,"menu_order":99,"comment_status":"open","ping_status":"open","template":"page-fullwidth_withRightSidebar.php","meta":{"_monsterinsights_skip_tracking":false,"_monsterinsights_sitenote_active":false,"_monsterinsights_sitenote_note":"","_monsterinsights_sitenote_category":0,"footnotes":""},"class_list":["post-746","page","type-page","status-publish","has-post-thumbnail","hentry"],"_links":{"self":[{"href":"https:\/\/jacuzziclub.pl\/pl\/wp-json\/wp\/v2\/pages\/746","targetHints":{"allow":["GET"]}}],"collection":[{"href":"https:\/\/jacuzziclub.pl\/pl\/wp-json\/wp\/v2\/pages"}],"about":[{"href":"https:\/\/jacuzziclub.pl\/pl\/wp-json\/wp\/v2\/types\/page"}],"author":[{"embeddable":true,"href":"https:\/\/jacuzziclub.pl\/pl\/wp-json\/wp\/v2\/users\/1"}],"replies":[{"embeddable":true,"href":"https:\/\/jacuzziclub.pl\/pl\/wp-json\/wp\/v2\/comments?post=746"}],"version-history":[{"count":39,"href":"https:\/\/jacuzziclub.pl\/pl\/wp-json\/wp\/v2\/pages\/746\/revisions"}],"predecessor-version":[{"id":24589,"href":"https:\/\/jacuzziclub.pl\/pl\/wp-json\/wp\/v2\/pages\/746\/revisions\/24589"}],"wp:featuredmedia":[{"embeddable":true,"href":"https:\/\/jacuzziclub.pl\/pl\/wp-json\/wp\/v2\/media\/1659"}],"wp:attachment":[{"href":"https:\/\/jacuzziclub.pl\/pl\/wp-json\/wp\/v2\/media?parent=746"}],"curies":[{"name":"wp","href":"https:\/\/api.w.org\/{rel}","templated":true}]}}