{"id":748,"date":"2013-08-22T13:21:20","date_gmt":"2013-08-22T13:21:20","guid":{"rendered":"http:\/\/jacuzziclub.pl\/?page_id=748"},"modified":"2024-03-10T03:31:02","modified_gmt":"2024-03-10T02:31:02","slug":"spa-therapy","status":"publish","type":"page","link":"https:\/\/jacuzziclub.pl\/pl\/spa-therapy\/","title":{"rendered":"Klubowe SPA"},"content":{"rendered":"&nbsp;<\/p>\n<p>Klubowe SPA to propozycja dla wszystkich os\u00f3b kt\u00f3re nas odwiedzaj\u0105. Ka\u017cdy z Was mo\u017ce skorzysta\u0107 z si\u0142owni, solarium, sauny, jacuzzi, basenu oraz z dodatk\u00f3w w postaci mieszanek zio\u0142owych, suplement\u00f3w czy preparat\u00f3w witaminowych itd. Dost\u0119p do tych atrakcji i dodatk\u00f3w jest nieodp\u0142atny ale s\u0105 one dost\u0119pne wy\u0142\u0105cznie dla klubowicz\u00f3w i os\u00f3b bior\u0105cych udzia\u0142 w organizowanych przez nas imprezach.","protected":false},"excerpt":{"rendered":"<p>&nbsp; Klubowe SPA to propozycja dla wszystkich os\u00f3b kt\u00f3re nas odwiedzaj\u0105. Ka\u017cdy z Was mo\u017ce skorzysta\u0107 z si\u0142owni, solarium, sauny, jacuzzi, basenu oraz z dodatk\u00f3w w postaci mieszanek zio\u0142owych, suplement\u00f3w czy preparat\u00f3w witaminowych itd. Dost\u0119p do tych atrakcji i dodatk\u00f3w jest nieodp\u0142atny ale s\u0105 one dost\u0119pne wy\u0142\u0105cznie dla klubowicz\u00f3w i os\u00f3b bior\u0105cych udzia\u0142 w organizowanych przez nas imprezach.<\/p>\n","protected":false},"author":1,"featured_media":0,"parent":0,"menu_order":99,"comment_status":"open","ping_status":"open","template":"page-fullwidth_withRightSidebar.php","meta":{"_monsterinsights_skip_tracking":false,"_monsterinsights_sitenote_active":false,"_monsterinsights_sitenote_note":"","_monsterinsights_sitenote_category":0,"footnotes":""},"class_list":["post-748","page","type-page","status-publish","hentry"],"_links":{"self":[{"href":"https:\/\/jacuzziclub.pl\/pl\/wp-json\/wp\/v2\/pages\/748","targetHints":{"allow":["GET"]}}],"collection":[{"href":"https:\/\/jacuzziclub.pl\/pl\/wp-json\/wp\/v2\/pages"}],"about":[{"href":"https:\/\/jacuzziclub.pl\/pl\/wp-json\/wp\/v2\/types\/page"}],"author":[{"embeddable":true,"href":"https:\/\/jacuzziclub.pl\/pl\/wp-json\/wp\/v2\/users\/1"}],"replies":[{"embeddable":true,"href":"https:\/\/jacuzziclub.pl\/pl\/wp-json\/wp\/v2\/comments?post=748"}],"version-history":[{"count":12,"href":"https:\/\/jacuzziclub.pl\/pl\/wp-json\/wp\/v2\/pages\/748\/revisions"}],"predecessor-version":[{"id":24587,"href":"https:\/\/jacuzziclub.pl\/pl\/wp-json\/wp\/v2\/pages\/748\/revisions\/24587"}],"wp:attachment":[{"href":"https:\/\/jacuzziclub.pl\/pl\/wp-json\/wp\/v2\/media?parent=748"}],"curies":[{"name":"wp","href":"https:\/\/api.w.org\/{rel}","templated":true}]}}