{"id":794,"date":"2015-05-03T14:05:24","date_gmt":"2015-05-03T14:05:24","guid":{"rendered":"http:\/\/jacuzziclub.pl\/?page_id=794"},"modified":"2026-04-23T09:27:59","modified_gmt":"2026-04-23T08:27:59","slug":"regulamin","status":"publish","type":"page","link":"https:\/\/jacuzziclub.pl\/pl\/o-nas\/regulamin\/","title":{"rendered":"Regulamin"},"content":{"rendered":"<h2>Pierwsz\u0105 i podstawow\u0105 zasad\u0105 w naszym o\u015brodku jest &#8222;Szanuj nas i innych Go\u015bci&#8221;<\/h2>\n<p>Pami\u0119taj, \u017ce jeste\u015bmy prywatnym <strong>klubem\/o\u015brodkiem dla doros\u0142ych par (m\/k &#8211; m\/f) i pa\u0144<\/strong>, do kt\u00f3rego\u00a0<strong>mog\u0105<\/strong> by\u0107 zaproszeni wybrani panowie ale tylko tacy, kt\u00f3rzy rozumiej\u0105 co znaczy &#8222;Ladies first&#8221;. Je\u015bli jeste\u015b takim singlem i chcesz do\u0142\u0105czy\u0107 do naszego grona to postaraj si\u0119 przekona\u0107 nas aby\u015bmy to w\u0142a\u015bnie Ciebie zaprosili. JC dzia\u0142a na zasadach cz\u0142onkowskich, a <strong>ZAPROSZENIE<\/strong> do takiego miejsca <strong>NIE<\/strong> jest formalno\u015bci\u0105 i nie ka\u017cdy je dostaje.\u00a0 Single staraj\u0105cy si\u0119 o zaproszenie musz\u0105 mie\u0107 rekomendacj\u0119 albo zaproszenie od kogo\u015b z klubowicz\u00f3w lub profil na kt\u00f3rym\u015b z serwis\u00f3w spo\u0142eczno\u015bciowych na podstawie kt\u00f3rego b\u0119dziemy mogli podj\u0105\u0107 decyzj\u0119 o zaproszeniu ich do klubowego grona (ewentualnie mog\u0105 spr\u00f3bowa\u0107 przekona\u0107 nas w mailu, do tego aby\u015bmy to w\u0142a\u015bnie ich zaprosili).<\/p>\n<p>Od os\u00f3b kt\u00f3re zapraszamy do nas, wymagamy aby traktowali wszystkich przebywaj\u0105cych u nas go\u015bci\u00a0 jak przyjaci\u00f3\u0142 czy koleg\u00f3w, a ca\u0142y klub i o\u015brodek jak NASZ DOM, a b\u0119d\u0105c u kogo\u015b w domu nale\u017cy przestrzega\u0107 jego zasad.<\/p>\n<p><strong><span style=\"color: #ff9900;\">Je\u015bli nie szanujesz potrzeb innych ludzi, nie zwracasz uwagi na to czy nie przeszkadzasz innym lub nie masz zwyczaju posprz\u0105tania po sobie miejsca w kt\u00f3rym siedzia\u0142e\u015b lub si\u0119 bawi\u0142e\u015b i musi za Ciebie robi\u0107 to kto\u015b inny, to POSZUKAJ INNEGO KLUBU &#8211; u nas nie jeste\u015b osob\u0105 mile widzian\u0105!!!<\/span><br \/>\n<\/strong><\/p>\n<p>Je\u015bli natomiast jeste\u015b osob\u0105 szanuj\u0105c\u0105 innych, rozumiej\u0105c\u0105 co znaczy &#8222;by\u0107 do kogo\u015b zaproszonym&#8221; to prawdopodobnie JC&amp;R jest miejscem dla Ciebie. Przeczytaj bardzo uwa\u017cnie wszystkie informacje na stronie i je\u015bli dojdziesz do wniosku, \u017ce chcesz do\u0142\u0105czy\u0107 do klubowego grona to skontaktuj si\u0119 z nami zgodnie z tym co przeczytasz w ca\u0142ym serwisie. Nie wystrasz si\u0119 te\u017c formu\u0142y upominania, zwracania uwagi czy sta\u0142ego przypominania o czym\u015b na naszej stronie. Wiemy, \u017ce to wr\u0119cz &#8222;formu\u0142a zniech\u0119cania&#8221; do odwiedzenia nas ale robimy to celowo i WY\u0141\u0104CZNIE po to aby u\u015bwiadomi\u0107 tym kt\u00f3rzy bawi\u0105 si\u0119 kosztem innych i cz\u0119sto swoim zachowaniem psuj\u0105 innym zabaw\u0119, \u017ce JC&amp;R nie jest miejscem dla nich.<\/p>\n<p>Pami\u0119taj jednak, \u017ce <strong>dla nas\u00a0 &#8222;klub&#8221; to nie miejsce, to istniej\u0105ca grupa ludzi kt\u00f3rzy honoruj\u0105 okre\u015blone zasady<\/strong> i ludzie ci chc\u0105 spotyka\u0107 si\u0119 w gronie os\u00f3b do siebie podobnych. To czy b\u0119dziesz m\u00f3g\u0142 uczestniczy\u0107 w spotkaniach klubowych zale\u017cy r\u00f3wnie\u017c od tego jak oceniaj\u0105 Ciebie inni klubowicze. Je\u015bli otrzymamy od nich skargi lub uwagi dotycz\u0105ce Twojego niew\u0142a\u015bciwego zachowania\u00a0 lub po prostu nie zostaniesz przez nich zaakceptowany to niestety Twoje zaproszenie do klubu zostanie anulowane i zwracaj\u0105c si\u0119 do nas o zaproszenie musisz mie\u0107 tego \u015bwiadomo\u015b\u0107.<\/p>\n<p>Pami\u0119taj te\u017c, \u017ce ka\u017cd\u0105 osob\u0119 kt\u00f3ra nie szanuje nas i naszych Go\u015bci, nie przestrzega zasad panuj\u0105cych w &#8222;naszym domu&#8221; i utrudnia nam, i innym klubowiczom zabaw\u0119\u00a0 traktujemy jak intruza kt\u00f3rego nale\u017cy wykluczy\u0107 z klubowego grona.<\/p>\n<p><strong>W wielu miejscach na stronie przypominamy, \u017ce nie wszyscy musz\u0105 mie\u0107 takie same zasady jak my ale nikt nie ma obowi\u0105zku zatrzymania si\u0119 czy odwiedzania u nas. Jednak decyduj\u0105c si\u0119 dobrowolnie na odwiedzenie JC&amp;R, ka\u017cdy musi dostosowa\u0107 si\u0119 do obowi\u0105zuj\u0105cych tu zasad. Je\u017celi\u00a0 s\u0105 one dla kogo\u015b nie do przyj\u0119cia, powinien on zrezygnowa\u0107 z zamiaru przyjazdu.<\/strong><\/p>\n<p>*<\/p>\n<h2>Zasady i Regulamin klubu i o\u015brodka.<\/h2>\n<ul>\n<li><strong>Ju\u017c na wst\u0119pie prosimy przyj\u0105\u0107 do wiadomo\u015bci, \u017ce pomimo podobie\u0144stw nie jeste\u015bmy sex\/swingers clubem\/o\u015brodkiem w potocznym tego s\u0142owa znaczeniu. Wsp\u00f3lnie z odwiedzaj\u0105cymi nas klubowiczami tworzymy miejsce spotka\u0144, wypoczynku, zabawy i relaksu dla os\u00f3b kt\u00f3re\u00a0 tak jak my, chc\u0105 zmienia\u0107 \u015bwiat na lepszy i kt\u00f3re, wolno\u015b\u0107, sex i erotyk\u0119 traktuj\u0105 jak ka\u017cd\u0105 inn\u0105 sfer\u0119 \u017cycia &#8230;.. tzn. normalnie.<\/strong><\/li>\n<li><strong>Nie dajmy si\u0119 zwariowa\u0107, bo np. film na kt\u00f3rym wida\u0107 akcje seksualne to przecie\u017c film, kt\u00f3ry pokazuje element \u017cycia &#8211; a wiele os\u00f3b m\u00f3wi si\u0119 o nim, \u017ce to pornografia. Natomiast\u00a0 film kt\u00f3ry pokazuje wojn\u0119, morderstwa czy brutaln\u0105 przemoc to dla tych samych os\u00f3b co\u015b normalnego. Cz\u0119sto z tej drugiej grupy film\u00f3w czy ksi\u0105\u017cek robi si\u0119 nawet lektury szkolne, a filmy na kt\u00f3rych zabijaj\u0105 si\u0119 ludzie dostaj\u0105 Oscary czy inne wielkie nagrody. Czy to naprawd\u0119 jest NORMALNE? NIE! Nie dajmy si\u0119 zwariowa\u0107, to wolno\u015b\u0107, sex i erotyka jest normaln\u0105 cz\u0119\u015bci\u0105 \u017cycia ka\u017cdego z nas.<\/strong><\/li>\n<li><strong>Pami\u0119tajmy oczywi\u015bcie, \u017ce nasza wolno\u015b\u0107 ko\u0144czy si\u0119 tam, gdzie zaczyna si\u0119 wolno\u015b\u0107 kogo\u015b innego. I tak jak my nie chcemy narusza\u0107 wolno\u015bci i zasad innych os\u00f3b tak samo oczekujemy, \u017ce nikt nie b\u0119dzie narusza\u0142 naszych. <\/strong><\/li>\n<li><strong> &#8230;&#8230; a teraz Regulamin naszego klubu\/o\u015brodka \ud83d\ude42<\/strong><\/li>\n<\/ul>\n<p>1. Jacuzzi Club &amp; Resort jest u\u017cywan\u0105 przez nas nazw\u0105 w\u0142asn\u0105 ale <strong>NIE JEST to miejsce publiczne<\/strong> do kt\u00f3rego mo\u017ce wej\u015b\u0107 ka\u017cdy, to <strong>PRYWATNE<\/strong> miejsce spotka\u0144 i mog\u0105 do niego wej\u015b\u0107 WY\u0141\u0104CZNIE osoby przez nas zaproszone. Zgodnie z profilem Jacuzzi Club &amp; Resort jest miejscem do kt\u00f3rego mo\u017cemy zaprosi\u0107 ludzi doros\u0142ych, sympatyk\u00f3w naturyzmu i erotyki, zainteresowanych wypoczynkiem i bezpruderyjn\u0105 zabaw\u0105 w gronie <strong>&#8222;hetero i bi seksualnych pa\u0144 oraz hetero seksualnych pan\u00f3w&#8221;<\/strong>. Wyra\u017anie podkre\u015blamy, \u017ce nie jest to \u017cadna forma dyskryminacji i popieramy prawa os\u00f3b LGBT ale z uwagi na to, \u017ce nie mo\u017cna zrobi\u0107 dobrego klubu &#8222;dla wszystkich&#8221; prowadzimy klub zgodny z naszymi osobistymi preferencjami. Dla komfortu os\u00f3b kt\u00f3re do nas zapraszamy i kt\u00f3re zdecydowa\u0142y si\u0119 do\u0142\u0105czy\u0107 do klubowego grona w\u0142a\u015bnie <strong>z uwagi na profil klubu, zabawy m\/m, brutalny sex (np. bicie) czy ostry BDSM jest u nas nie dopuszczalny<\/strong> i ju\u017c samo proponowanie w klubie komu\u015b takich zabaw mo\u017ce by\u0107 powodem do skre\u015blenia z listy klubowicz\u00f3w.<\/p>\n<p>2. W JC &amp; R spotykaj\u0105 si\u0119 osoby doros\u0142e, kt\u00f3re je\u015bli tylko chc\u0105 <strong>mog\u0105<\/strong> bawi\u0107 si\u0119 ze sob\u0105 w dowolny spos\u00f3b, ale &#8222;NIE, zawsze znaczy NIE&#8221;! Aby bawi\u0107 si\u0119 z kim\u015b czy nawet dotyka\u0107 lub g\u0142aska\u0107 kogo\u015b trzeba na to jego WYRA\u0179NEJ ZGODY i naruszenie tej zasady mo\u017ce skutkowa\u0107 wyproszeniem z klubu. Je\u015bli kto\u015b nie ma ochoty na zabaw\u0119 czy nawet rozmow\u0119 z inn\u0105 osob\u0105 mo\u017ce grzecznie da\u0107 to do zrozumienia temu kto zapyta\u0142. W klubie nie ma wrog\u00f3w wiec mo\u017cna to zrobi\u0107 m\u00f3wi\u0105c np &#8230; &#8222;przyszli\u015bmy tu \u017ceby bawi\u0107 si\u0119 sami, we w\u0142asnym gronie lub z kim\u015b znajomym&#8221;, &#8222;jeste\u015bmy pierwszy raz i chcemy na razie zobaczy\u0107 jak to wygl\u0105da&#8221; itp. Ka\u017cdy MUSI zrozumie\u0107 tak\u0105 odpowied\u017a i nie mo\u017ce nalega\u0107 na nic wi\u0119cej &#8211; gdyby by\u0142o inaczej prosimy nas o tym koniecznie poinformowa\u0107!!!<\/p>\n<p>3. Je\u015bli zaprasza\u0142e\u015b kogo\u015b do zabawy lub pyta\u0142e\u015b o zgod\u0119 na do\u0142\u0105czenie si\u0119 do niej i otrzyma\u0142e\u015b odmow\u0119, NIE sk\u0142adaj tej osobie takiej propozycji ponownie. Nie sk\u0142adaj ani nie oczekuj propozycji zabawy od os\u00f3b kt\u00f3re pracuj\u0105 podczas imprezy bo maj\u0105 one w tym czasie wiele innych obowi\u0105zk\u00f3w. Pami\u0119taj, \u017ce nachalni Go\u015bcie b\u0119d\u0105 bezwzgl\u0119dnie wypraszani!<\/p>\n<p>4. Do klubu i na klubow\u0105 pla\u017ce nie wolno wnosi\u0107 aparat\u00f3w fotograficznych i kamer, a telefony kom\u00f3rkowe, zegarki (analogowe i cyfrowe) , smartwatch&#8217;e oraz inne urz\u0105dzenia z aparatami fotograficznymi i kamerami MUSZ\u0104 by\u0107 pozostawione w pokoju noclegowym, szatni lub za barem. Go\u015bcie kt\u00f3rzy chc\u0105 zrobi\u0107 sobie zdj\u0119cia w klubie mog\u0105 to zrobi\u0107 wy\u0142\u0105cznie po uzgodnieniu tego z nami &#8211; przed otwarciem klubu tzn. wtedy gdy w klubie (na pla\u017cy) nie ma jeszcze innych Go\u015bci.<\/p>\n<p>5. W czasie imprezy, &#8222;cywilne ubrania&#8221; zostaj\u0105 w szatni!! Po klubie chodzimy WY\u0141\u0104CZNIE w sexi strojach (przebraniach), w erotycznej bieli\u017anie, strojach pla\u017cowych (ewentualnie nago lub w r\u0119czniku) oraz w klapkach albo we w\u0142asnym obuwiu na zmian\u0119. Ka\u017cdy Go\u015b\u0107 dostaje po wej\u015bciu do klubu r\u0119cznik i klapki.<\/p>\n<p>6. <strong>Alkohol w klubie jest tylko dodatkiem do zabawy i je\u015bli uznamy, \u017ce zaczyna on by\u0107 problemem lub po prostu ma z\u0142y\u00a0 wp\u0142yw na atmosfer\u0119 w klubie, mo\u017cemy wprowadzi\u0107 ograniczenia w jego podawaniu.<\/strong>\u00a0 Przypominamy, \u017ce ka\u017cda osoba staraj\u0105ca si\u0119 o zaproszenie, o\u015bwiadcza w mailu \u017ce zna wszystkie zasady i dostosuje si\u0119 do nich.\u00a0 Dlatego jakiekolwiek dyskusje na temat zasadno\u015bci takiego ograniczenia, komentowanie takiej decyzji,\u00a0 spo\u017cywanie alkoholu w\u0142asnego lub zam\u00f3wionego przez kogo\u015b innego, mo\u017ce si\u0119 sko\u0144czy\u0107 wyproszeniem z o\u015brodka i zakazem wst\u0119pu w przysz\u0142o\u015bci.<\/p>\n<p>7. Do klubu, klubowych pokoi noclegowych oraz na klubow\u0105 pla\u017c\u0119 nie wolno bez uzgodnienia tego z nami wprowadza\u0107 zwierz\u0105t, nie wolno te\u017c wnosi\u0107 broni, alkoholu, dopalaczy i narkotyk\u00f3w.<\/p>\n<p>8. W wielu miejscach klubu s\u0105 pouk\u0142adane prze\u015bcierad\u0142a, je\u015bli chcecie si\u0119 bawi\u0107 na \u0142\u00f3\u017cku prosz\u0119 zabra\u0107 nowe, a po zabawie zwin\u0105\u0107 je i zostawi\u0107 w koszach na prze\u015bcierad\u0142a kt\u00f3re s\u0105 ustawione w \u0142azienkach i na korytarzach.<\/p>\n<p>9. Szanuj innych i nie zmuszaj nikogo do sprz\u0105tania po Tobie. Je\u015bli bawi\u0142e\u015b si\u0119 w jakim\u015b pokoju pozostaw go w stanie takim aby nast\u0119pni Go\u015bcie nie musieli po Tobie sprz\u0105ta\u0107. Miejsce gum do \u017cucia, \u015bmieci czy prezerwatyw jest w koszu &#8211; a kosze s\u0105 w ka\u017cdym pokoju.<\/p>\n<p>10. Przed wej\u015bciem i po wyj\u015bciu z sauny i jacuzzi prosimy skorzysta\u0107 z prysznica.<\/p>\n<p>11. Dbaj\u0105c o komfort i BEZPIECZE\u0143STWO nasze i innych go\u015bci wprowadzili\u015bmy w o\u015brodku <strong>&#8222;ZAKAZ PALENIA&#8221;<\/strong>. Poza palarni\u0105, <strong>we wszystkich pomieszczeniach klubu<\/strong>, barach, palmiarni, playroomach i <strong>pokojach noclegowych<\/strong> obowi\u0105zuje ZAKAZ PALENIA papieros\u00f3w, fajek i cygar. Osoby kt\u00f3re b\u0119d\u0105 narusza\u0142y ten zakaz mog\u0105 zosta\u0107 obci\u0105\u017cone karami umownymi od 500 do 1000 z\u0142 oraz mog\u0105 otrzyma\u0107 czasowe lub sta\u0142e zakazy wst\u0119pu do o\u015brodka. Ka\u017cda osoba zwracaj\u0105ca si\u0119 do nas w sprawie zaproszenia, w przypadku naruszenia przez ni\u0105 zakazu wyra\u017ca zgod\u0119 na obci\u0105\u017cenie jej i wyegzekwowanie w\/w kar.<\/p>\n<p>12. Od wszystkich Go\u015bci wymagamy kultury i zachowania kt\u00f3re nie razi innych bywalc\u00f3w klubu. Je\u015bli z kim\u015b rozmawiasz to m\u00f3w tak g\u0142o\u015bno aby s\u0142ysza\u0142a to tylko osoba zainteresowana, a nie reszta sali. Swoim zachowaniem nie przeszkadzaj innym w rozmowie czy zabawie. Nie prowad\u017a dyskusji w playroomach i strefach erotycznych zabaw \u2013 chcesz z kim\u015b podyskutowa\u0107 id\u017a do sali barowej!<\/p>\n<p>13. W pokojach noclegowych niedopuszczalne jest organizowanie jakichkolwiek imprez, wnoszenie do nich i picie w\u0142asnego alkoholu czy palenie papieros\u00f3w, a w czasie &#8222;ciszy nocnej&#8221; (po zako\u0144czeniu imprezy) w pokoju mog\u0105 przebywa\u0107 wy\u0142\u0105cznie osoby kt\u00f3rym pok\u00f3j ten zosta\u0142 wydany! Przypominamy, \u017ce &#8222;pokoje noclegowe&#8221; NIE S\u0104 POKOJAMI HOTELOWYMI i obowi\u0105zuje w nich regulamin klubu! Prosimy o uszanowanie innych Go\u015bci i umo\u017cliwienie im odpoczynku przed podr\u00f3\u017c\u0105.\u00a0 Osoby kt\u00f3re b\u0119d\u0105 narusza\u0142y w\/w zasady mog\u0105 zosta\u0107 obci\u0105\u017cone karami umownymi od 500 do 1000 z\u0142 oraz mog\u0105 otrzyma\u0107 czasowe lub sta\u0142e zakazy wst\u0119pu do o\u015brodka. Ka\u017cda osoba dokonuj\u0105ca rezerwacji pokoju, w przypadku naruszenia w\/w zasad wyra\u017ca zgod\u0119 na obci\u0105\u017cenie jej i wyegzekwowanie w\/w kar.<\/p>\n<p>14. Chc\u0105c nas odwiedzi\u0107 z osobami kt\u00f3rych nie znamy musisz uzyska\u0107 na to nasz\u0105 zgod\u0119. Nowi Go\u015bcie musz\u0105 bardzo uwa\u017cnie zapozna\u0107 si\u0119 ze wszystkimi informacjami na naszej stronie, a nast\u0119pnie musz\u0105 skontaktowa\u0107 si\u0119 z nami zgodnie z zak\u0142adk\u0105 ZAPROSZENIA i REZERWACJE. Upewnij si\u0119 czy osoba z kt\u00f3r\u0105 chcesz nas odwiedzi\u0107 nie otrzyma\u0142a odmowy zaproszenia lub zakazu wst\u0119pu do o\u015brodka bo w takim przypadku Twoje zaproszenie zostanie anulowane bez prawa zwrotu ewentualnych przedp\u0142at.<\/p>\n<p>15. Klubowicze mog\u0105 naby\u0107 Kart\u0119 Klubow\u0105 kt\u00f3ra upowa\u017cnia do rabat\u00f3w oraz bezp\u0142atnych wej\u015b\u0107 na imprezy. Karta jest w\u0142asno\u015bci\u0105 JC &amp; R, a osoba kt\u00f3rej zosta\u0142a ona wydana nabywa prawo do okre\u015blonych rabat\u00f3w i upust\u00f3w. Osoby wyproszone &#8211; wykluczone z grona klubowicz\u00f3w &#8211; automatycznie trac\u0105 prawa do pos\u0142ugiwania si\u0119 kart\u0105 bez prawa zwrotu jakichkolwiek koszt\u00f3w jakie ponie\u015bli w zwi\u0105zku z jej otrzymaniem lub nabyciem.<\/p>\n<p>16. Do JC &amp; R nie b\u0119d\u0105 wpuszczane osoby zaniedbane, niechlujnie ubrane, pod wp\u0142ywem alkoholu lub innych \u015brodk\u00f3w odurzaj\u0105cych! Zaproszenia i rezerwacje dla os\u00f3b kt\u00f3rym odm\u00f3wiono wst\u0119pu z wymienionych powod\u00f3w b\u0119d\u0105 automatycznie uniewa\u017cniane &#8211; bez prawa zwrotu ewentualnie dokonanych wp\u0142at.<\/p>\n<p>17. JC &amp; R nie gwarantuje nikomu \u017cadnych zabaw erotycznych z innymi Go\u015b\u0107mi, to jak i z kim sp\u0119dzaj\u0105 oni u nas czas zale\u017cy wy\u0142\u0105cznie od nich. Op\u0142ata za wej\u015bcie do o\u015brodka gwarantuje jedynie to, \u017ce osoba kt\u00f3ra jej dokona\u0142a b\u0119dzie mog\u0142a uczestniczy\u0107 w wybranej przez ni\u0105 imprezie,\u00a0 b\u0119dzie mog\u0142a korzysta\u0107 z ca\u0142ego udost\u0119pnionego Go\u015bciom wyposa\u017cenia klubu i b\u0119dzie mog\u0142a bawi\u0107 si\u0119 z osobami kt\u00f3re wyra\u017c\u0105 na to zgod\u0119.<\/p>\n<p>18. Osoby kt\u00f3re dokona\u0142y przedp\u0142aty za imprez\u0119 (i &#8222;nocleg&#8221;) i odwo\u0142aj\u0105 rezerwacj\u0119 otrzymuj\u0105 zwrot wp\u0142aconej kwoty zgodnie z zasadami podanymi w zak\u0142adce &#8222;Zaproszenia i rezerwacje&#8221;. W przypadku odwo\u0142ania imprezy przez JC &amp; R osoby kt\u00f3re dokona\u0142y przedp\u0142aty otrzymuj\u0105 zwrot ca\u0142ej wp\u0142aconej kwoty.<\/p>\n<p>19. W klubie i o\u015brodku zrobione zosta\u0142y strefy &#8222;Tylko dla par i pa\u0144&#8221; oraz strefa &#8222;Bez sexu&#8221;. Do &#8222;Strefy dla par i pa\u0144&#8221; wst\u0119p maj\u0105 pary i panie, a panowie wy\u0142\u0105cznie w towarzystwie partnerki. Je\u015bli partnerka jest w innej cz\u0119\u015bci klubu jej partner sam nie mo\u017ce wchodzi\u0107 do strefy!!!<br \/>\n&#8222;Strefa bez sexu&#8221; to recepcja, sale barowe, strefa cateringu, korytarze, szatnia, palarnia oraz inne miejsca oznaczone jako &#8222;Strefa bez sexu&#8221;. W o\u015brodku s\u0105 dziesi\u0105tki playroom\u00f3w i miejsc przeznaczonych do erotycznych zabaw, a &#8222;Strefa bez sexu&#8221; to miejsce dla os\u00f3b kt\u00f3re chc\u0105 np. odpocz\u0105\u0107, porozmawia\u0107 czy spokojnie wypi\u0107 drinka itp.<\/p>\n<p>20. Je\u015bli jeste\u015b naszym klubowiczem i odwiedzasz nas co jaki\u015b czas, to znaczy, \u017ce identyfikujesz si\u0119 z obowi\u0105zuj\u0105cymi u nas zasadami, a jedn\u0105 z nich jest wsp\u00f3lne z nami dbanie o to aby wszyscy przestrzegali zasad i zwyczaj\u00f3w klubowych. Je\u015bli widzisz, \u017ce kto\u015b ich nie przestrzega to zwr\u00f3\u0107 mu grzecznie uwag\u0119, je\u015bli nie zareaguje lub zareaguje niew\u0142a\u015bciwie to poinformuj nas o tym. Brak Twojej reakcji i p\u00f3\u017aniejsze roztrz\u0105sanie takich sytuacji np. w klubie czy na jakim\u015b forum b\u0119dzie dla nas sygna\u0142em, \u017ce nie identyfikujesz si\u0119 z klubem i mo\u017ce spowodowa\u0107, \u017ce to Ty zostaniesz wykluczony z klubowego grona. Ka\u017cdy z klubowicz\u00f3w kt\u00f3ry chce nas odwiedza\u0107 ma OBOWI\u0104ZEK dbania o to aby wszyscy przestrzegali obowi\u0105zuj\u0105cych u nas zasad, bo tylko w ten spos\u00f3b mo\u017cemy utrzyma\u0107 odpowiedni standard i wyeliminowa\u0107 z klubowego grona tych, kt\u00f3rzy do niego nie pasuj\u0105.<\/p>\n<p>21. Osoby kt\u00f3re z jakiego\u015b powodu dosta\u0142y odmow\u0119, zosta\u0142y wyproszone lub po wizycie u nas otrzyma\u0142y informacje od nas, \u017ce nie b\u0119d\u0105 wi\u0119cej zapraszane, NIE MOG\u0104 WEJ\u015a\u0106 DO JC &amp; R.\u00a0 Je\u015bli w\/w osoby otrzyma\u0142y ponowne zaproszenie w nast\u0119pstwie podania\/przes\u0142ania przez nie lub przez partnera nieprawdziwych informacji zostan\u0105 wyproszone bez prawa zwrotu ewentualnych przedp\u0142at.<\/p>\n<p>22. Obs\u0142uga klubu\/o\u015brodka jest zobowi\u0105zana do zawiadomienia lub wezwania Policji je\u015bli uzna, \u017ce czyje\u015b zachowanie lub dzia\u0142anie mo\u017ce spowodowa\u0107 jakiekolwiek zagro\u017cenie dla zdrowia lub mienia innych os\u00f3b. W przypadku gdyby czyje\u015b bezpo\u015brednie dzia\u0142anie i\/lub wykorzystanie przez niego w dowolnym czasie jakichkolwiek informacji powzi\u0119tych podczas wizyty w JC&amp;R spowodowa\u0142o straty lub szkody dla o\u015brodka i\/lub innych Go\u015bci, osoby kt\u00f3re je spowoduj\u0105 zobowi\u0105zuj\u0105 si\u0119 naprawi\u0107 lub ponie\u015b\u0107 koszt naprawy tych szk\u00f3d pod rygorem skierowania sprawy na drog\u0119 post\u0119powania s\u0105dowego.<\/p>\n<p>23. Osoby naruszaj\u0105ce wy\u017cej opisane zasady mog\u0105 by\u0107 wyproszone z o\u015brodka lub z imprezy w kt\u00f3rej bior\u0105 udzia\u0142 bez prawa do zwrotu op\u0142at kt\u00f3re dokonali za udzia\u0142 w takiej\u00a0 imprezie. Osoby takie mog\u0105 otrzyma\u0107 czasowy lub sta\u0142y zakaz wst\u0119pu do JC&amp;R, a w uzasadnionych przypadkach mog\u0105 zosta\u0107 obci\u0105\u017cone dodatkowymi kosztami na co wyra\u017caj\u0105 zgod\u0119 wysy\u0142aj\u0105c do nas e-mail w sprawie zaproszenia.<\/p>\n<p>&nbsp;<\/p>\n<p>&nbsp;<\/p>\n<h2><strong>Pami\u0119taj &#8211; Ty chcesz aby Go\u015bcie w Twoim domu przestrzegali Twoich zasad, a my chcemy aby Go\u015bcie u NAS przestrzegali naszych.<\/strong><\/h2>\n<p><strong>Niekt\u00f3re zasady czy zwyczaje mog\u0105 wydawa\u0107 si\u0119 zbyt rygorystyczne ale s\u0105 one tylko po to aby zagwarantowa\u0107 wszystkim jak najwi\u0119kszy komfort i bezpiecze\u0144stwo zabawy.<\/strong><\/p>\n<p><strong>Prosimy pami\u0119ta\u0107, \u017ce zasady s\u0105 dla wszystkich i przez szacunek do ka\u017cdego z klubowicz\u00f3w nie robimy od nich wyj\u0105tk\u00f3w czy odst\u0119pstw. Nie pro\u015bcie nas nigdy o to aby\u015bmy &#8222;wyj\u0105tkowo dla Was odst\u0105pili \u00a0tylko od jednej z nich&#8221;. Wyobra\u017acie sobie, \u017ce Wam pozwalamy na takie odst\u0119pstwo, kogo\u015b innego zwalniamy z innej zasady, \u00a0kolejnego od kolejnej itd. Niestety w konsekwencji prowadzi to do tego, \u017ce za chwil\u0119 zasady b\u0119d\u0105 fikcj\u0105, nie b\u0119dzie ju\u017c klubowicz\u00f3w tylko &#8222;r\u00f3wni i r\u00f3wniejsi&#8221;, b\u0119d\u0105 VIPy i ci co s\u0105 mniej wa\u017cni itd.\u00a0<\/strong><\/p>\n<p><strong>Nie wszyscy musz\u0105 mie\u0107 takie same zasady jak my ale nikt nie ma obowi\u0105zku zatrzymania si\u0119 czy zabawy u nas. Jednak decyduj\u0105c si\u0119 dobrowolnie na odwiedzenie JC&amp;R, ka\u017cdy musi dostosowa\u0107 si\u0119 do obowi\u0105zuj\u0105cych tu zasad. Je\u017celi\u00a0 s\u0105 one dla kogo\u015b nie do przyj\u0119cia, powinien on zrezygnowa\u0107 z zamiaru przyjazdu.<\/strong>","protected":false},"excerpt":{"rendered":"<p>Pierwsz\u0105 i podstawow\u0105 zasad\u0105 w naszym o\u015brodku jest &#8222;Szanuj nas i innych Go\u015bci&#8221; Pami\u0119taj, \u017ce jeste\u015bmy prywatnym klubem\/o\u015brodkiem dla doros\u0142ych par (m\/k &#8211; m\/f) i pa\u0144, do kt\u00f3rego\u00a0mog\u0105 by\u0107 zaproszeni wybrani panowie ale tylko tacy, kt\u00f3rzy rozumiej\u0105 co znaczy &#8222;Ladies first&#8221;. Je\u015bli jeste\u015b takim singlem i chcesz do\u0142\u0105czy\u0107 do naszego grona to postaraj si\u0119 przekona\u0107 nas aby\u015bmy to w\u0142a\u015bnie Ciebie&nbsp;<a href=\"https:\/\/jacuzziclub.pl\/pl\/o-nas\/regulamin\/\" class=\"read-more\">Continue Reading<\/a><\/p>\n","protected":false},"author":1,"featured_media":0,"parent":547,"menu_order":1,"comment_status":"open","ping_status":"open","template":"page-fullwidth_without_sidebar.php","meta":{"_monsterinsights_skip_tracking":false,"_monsterinsights_sitenote_active":false,"_monsterinsights_sitenote_note":"","_monsterinsights_sitenote_category":0,"footnotes":""},"class_list":["post-794","page","type-page","status-publish","hentry"],"_links":{"self":[{"href":"https:\/\/jacuzziclub.pl\/pl\/wp-json\/wp\/v2\/pages\/794","targetHints":{"allow":["GET"]}}],"collection":[{"href":"https:\/\/jacuzziclub.pl\/pl\/wp-json\/wp\/v2\/pages"}],"about":[{"href":"https:\/\/jacuzziclub.pl\/pl\/wp-json\/wp\/v2\/types\/page"}],"author":[{"embeddable":true,"href":"https:\/\/jacuzziclub.pl\/pl\/wp-json\/wp\/v2\/users\/1"}],"replies":[{"embeddable":true,"href":"https:\/\/jacuzziclub.pl\/pl\/wp-json\/wp\/v2\/comments?post=794"}],"version-history":[{"count":105,"href":"https:\/\/jacuzziclub.pl\/pl\/wp-json\/wp\/v2\/pages\/794\/revisions"}],"predecessor-version":[{"id":25910,"href":"https:\/\/jacuzziclub.pl\/pl\/wp-json\/wp\/v2\/pages\/794\/revisions\/25910"}],"up":[{"embeddable":true,"href":"https:\/\/jacuzziclub.pl\/pl\/wp-json\/wp\/v2\/pages\/547"}],"wp:attachment":[{"href":"https:\/\/jacuzziclub.pl\/pl\/wp-json\/wp\/v2\/media?parent=794"}],"curies":[{"name":"wp","href":"https:\/\/api.w.org\/{rel}","templated":true}]}}