{"id":796,"date":"2015-05-03T14:10:56","date_gmt":"2015-05-03T14:10:56","guid":{"rendered":"http:\/\/jacuzziclub.pl\/?page_id=796"},"modified":"2024-03-09T21:40:18","modified_gmt":"2024-03-09T20:40:18","slug":"zaproszenia-i-rezerwacje","status":"publish","type":"page","link":"https:\/\/jacuzziclub.pl\/pl\/o-nas\/zaproszenia-i-rezerwacje\/","title":{"rendered":"Zaproszenia i rezerwacje"},"content":{"rendered":"<h2>Jak dosta\u0107 zaproszenie.<\/h2>\n<p>Przypominamy, \u017ce jeste\u015bmy prywatnym <strong>klubem dla par i pa\u0144<\/strong>, do kt\u00f3rego <strong>mog\u0105<\/strong> by\u0107 zaroszeni singlie kt\u00f3rzy rozumiej\u0105 co znaczy &#8222;Ladies first&#8221;. Je\u015bli jeste\u015b takim singlem i chcesz do\u0142\u0105czy\u0107 do klubowego grona to postaraj si\u0119 przekona\u0107 nas aby\u015bmy to w\u0142a\u015bnie Ciebie zaprosili.\u00a0JC dzia\u0142a na zasadach cz\u0142onkowskich, a <strong>ZAPROSZENIE<\/strong> do takiego klubu <strong>NIE<\/strong> jest formalno\u015bci\u0105 i nie ka\u017cdy je dostaje.\u00a0 Single staraj\u0105cy si\u0119 o zaproszenie do klubu musz\u0105 mie\u0107 rekomendacj\u0119 albo zaproszenie od kogo\u015b z klubowicz\u00f3w, ewentualnie profil na kt\u00f3rym\u015b z serwis\u00f3w dla swingers\u00f3w na podstawie kt\u00f3rego b\u0119dziemy mogli podj\u0105\u0107 decyzj\u0119 o zaproszeniu Ich do klubowego grona.<\/p>\n<p>Zapewne Wy r\u00f3wnie\u017c nie spotykacie si\u0119 ze wszystkimi kt\u00f3rzy by tego chcieli i je\u015bli macie zaprosi\u0107 kogo\u015b do &#8222;swojego domu&#8221; to ten kto\u015b musi w jaki\u015b spos\u00f3b Was do tego przekona\u0107 &#8211; z nami jest tak samo i zaproszeni go\u015bcie maj\u0105 nie tylko prawa ale i obowi\u0105zki. Dlatego je\u015bli chcecie otrzyma\u0107 zaproszenie do nas, zacznijcie od bardzo wa\u017cnego przeczytania wszystkiego na naszej stronie, a potem postarajcie si\u0119 przekona\u0107 nas do tego aby\u015bmy zaprosili w\u0142a\u015bnie Was.<\/p>\n<p>Je\u015bli zapoznali\u015bcie si\u0119 ze WSZYSTKIMI informacjami na naszej stronie. Zgadzacie si\u0119 z panuj\u0105cymi u nas zasadami oraz obowi\u0105zuj\u0105cym regulaminem i szukacie &#8222;swojego KLUBU&#8221; to prosimy o skopiowanie, wype\u0142nienie i wys\u0142anie do nas formularza kt\u00f3ry jest w Menu &#8222;Imprezy i rezerwacje&#8221; w zak\u0142adce\u00a0 &#8222;Zaproszenia i rezerwacje&#8221;.<\/p>\n<p>Zanim jednak wy\u015blecie do nas maila z pro\u015bb\u0105 o zaproszenie proponujemy Wam aby\u015bcie jeszcze raz BARDZO uwa\u017cnie przeczytali WSZYSTKIE informacje na stronie. Je\u015bli z tre\u015bci maila b\u0119dzie wida\u0107, \u017ce komu\u015b nie chcia\u0142o si\u0119 przeczyta\u0107 tego o co prosimy nie powinien on spodziewa\u0107 si\u0119 zaproszenia &#8230; ani nawet odpowiedzi. Pisz\u0105c do nas w sprawie zaproszenia prosimy poda\u0107 taki adres e-mail na kt\u00f3ry chcecie otrzymywa\u0107 odpowiedzi. Wysy\u0142aj\u0105c do nas e-maila wyra\u017cacie te\u017c zgod\u0119 na dopisanie tego adresu do bazy newslettera i otrzymywanie od nas korespondencji.<\/p>\n<p>Uwaga &#8211; o zaproszenie dla 2-ch os\u00f3b mo\u017ce stara\u0107 si\u0119 wy\u0142\u0105cznie para (k\/m), a singielki i single mog\u0105 stara\u0107 si\u0119 o indywidualne zaproszenia. Nie wysy\u0142amy zaprosze\u0144 grupowych, a ka\u017cda osoba\/para staraj\u0105ca si\u0119 o zaproszenie musi w korespondencji poda\u0107 swoje imi\u0119, w\u0142asny adres e-mail, nr. telefonu oraz musi o\u015bwiadczy\u0107, \u017ce &#8222;zna i akceptuje zasady oraz regulamin klubu&#8221;, musi r\u00f3wnie\u017c odpowiedzie\u0107 na pytanie &#8222;czy odm\u00f3wiono jej wcze\u015bniej zaproszenia lub wyproszono z JC&#8221;.<\/p>\n<p>W zwi\u0105zku z tym, \u017ce zdarza si\u0119 i\u017c osoby kt\u00f3rym odm\u00f3wili\u015bmy wst\u0119pu do klubu staraj\u0105 si\u0119 o zaproszenie np. u\u017cywaj\u0105c do tego innego adresu e-mail. Informujemy, \u017ce osoby WYPROSZONE z klubu lub takie kt\u00f3rym ODM\u00d3WILI\u015aMY z jakiego\u015b powodu dalszej mo\u017cliwo\u015bci korzystania z klubu nie s\u0105 do klubu wpuszczane nawet je\u015bli dosta\u0142y zaproszenie np. na nowy adres e-mail.<br \/>\nJedyn\u0105 mo\u017cliwo\u015bci\u0105 otrzymania zaproszenia dla tego typu os\u00f3b jest wyja\u015bnienie powod\u00f3w dla kt\u00f3rych dosz\u0142o do odmowy.<\/p>\n<p>Prosimy o kontakt w j\u0119zyku polskim lub angielskim.<\/p>\n<p>&nbsp;<\/p>\n<h2>Nie dosta\u0142em zaproszenia lub anulowano moje zaproszenie.<\/h2>\n<p>Niestety nie wszyscy ch\u0119tni b\u0119d\u0105 zaproszeni do grona klubowicz\u00f3w i nie miejcie nam tego za z\u0142e. Nie skre\u015blamy nikogo z g\u00f3ry ale pozw\u00f3lcie, \u017ce w imieniu w\u0142asnym i pozosta\u0142ych Klubowicz\u00f3w zachowamy sobie prawo wyboru kogo chcemy do nas zaprosi\u0107. Wy zapewne r\u00f3wnie\u017c nie umawiacie si\u0119 ze wszystkimi kt\u00f3rzy by tego chcieli i wybieracie osoby z kt\u00f3rymi macie ochot\u0119 si\u0119 spotka\u0107.<\/p>\n<p>Nikogo nie dyskwalifikuje wiek czy sylwetka ale je\u015bli np. dla kogo\u015b kto pierwszy raz kontaktuje si\u0119 z nami najwa\u017cniejsz\u0105 kwesti\u0105 jest to &#8222;kiedy w klubie b\u0119dzie wi\u0119cej singielek&#8221; lub &#8222;kiedy ma wi\u0119ksze szanse na sex&#8221; albo &#8222;kto\u015b chce z ciekawo\u015bci zobaczy\u0107 jak jest w takim miejscu&#8221; to nie powinien on spodziewa\u0107 si\u0119 zaproszenia. Nowi Go\u015bcie musz\u0105 te\u017c mie\u0107 \u015bwiadomo\u015b\u0107 tego, \u017ce wchodz\u0105c do naszego klubu, wchodz\u0105 do pewnego grona os\u00f3b kt\u00f3re &#8222;jest ju\u017c w klubie&#8221;, a wi\u0119kszo\u015b\u0107 naszych Go\u015bci to bardzo zadbane osoby w wieku 25-55 lat. Naturalnie bywaj\u0105 tez osoby m\u0142odsze i starsze ale s\u0105 to osoby naprawd\u0119 wyj\u0105tkowe, zadbane, ciekawe po prostu takie kt\u00f3rych osobowo\u015b\u0107 uj\u0119\u0142a nas i innych klubowicz\u00f3w. Uroda i wiek to rzeczy wzgl\u0119dne, a tym co najbardziej przyci\u0105ga innych jest zadbanie i osobowo\u015b\u0107.<\/p>\n<p>Pami\u0119taj, \u017ce nawet je\u015bli otrzyma\u0142e\u015b zaproszenie, a np. w dalszej korespondencji lub kontakcie osobistym ocenili\u015bmy, \u017ce wbrew temu co o\u015bwiadczy\u0142e\u015b staraj\u0105c si\u0119 o zaproszenie nie przeczyta\u0142e\u015b wszystkiego na naszej stronie lub z jakiego\u015b powodu nie pasujesz do klubowego grona &#8211; zaproszenie takie zostanie anulowane i kontaktuj\u0105c si\u0119 z nami musisz mie\u0107 tego \u015bwiadomo\u015b\u0107. Je\u015bli osoba kt\u00f3rej anulowano zaproszenie dokona\u0142a jakiej\u015b przedp\u0142aty na rzecz klubu to przedp\u0142ata taka zostanie zwr\u00f3cona.<\/p>\n<p>&nbsp;<\/p>\n<h2>Rezerwacje:<\/h2>\n<p>Osoby kt\u00f3re staraj\u0105 si\u0119 o zaproszenie i rezerwacj\u0119 noclegu na wybran\u0105 przez siebie imprez\u0119 proszone s\u0105 o kontakt za pomoc\u0105 zak\u0142adki &#8222;Zaproszenia i rezerwacje&#8221;.<\/p>\n<p>Prosimy pami\u0119ta\u0107, \u017ce ilo\u015b\u0107 miejsc noclegowych jest ograniczona, dlatego zaproszenie z rezerwacj\u0105 noclegu wymaga zap\u0142aty z g\u00f3ry.<\/p>\n<p>Po wys\u0142aniu przez nas zaproszenia i potwierdzeniu &#8222;rezerwacji&#8221;, wst\u0119pna blokada noclegu dla osoby kt\u00f3ra jej dokona\u0142a utrzymywana jest przez 24 godzin od wys\u0142ania przez nas potwierdzenia i informacji o wysoko\u015bci wp\u0142aty. Go\u015bci korzystaj\u0105cych z tej opcji prosimy o przes\u0142anie na nasz\u0105 poczt\u0119\u00a0 potwierdzenia przelewu.\u00a0W przypadku braku potwierdzenia podanej przez nas kwoty w terminie 24 godzin, rezerwacja jest ANULOWANA.<\/p>\n<p>UWAGA &#8211; Prosimy NIE dokonywa\u0107 op\u0142at po terminie bez uzgodnienia tego z nami. Dokonanie wp\u0142aty po terminie NIE GWARANTUJE noclegu. Skuteczna rezerwacja po tym terminie wymaga ponownego zg\u0142oszenia i potwierdzenia przez nas dost\u0119pno\u015bci noclegu oraz wysoko\u015bci op\u0142aty.<\/p>\n<p>&nbsp;<\/p>\n<h2>Rezygnacja z przedp\u0142aconej rezerwacji:<\/h2>\n<p>1. Noclegi i imprezy zwyk\u0142e, nie obj\u0119te ca\u0142kowit\u0105 rezerwacj\u0105 miejsc:<br \/>\n* Rezygnacja na 48 godziny przed planowan\u0105 imprez\u0105\/noclegiem &#8211; zwrot 90% kwoty wp\u0142aconej za wej\u015bci\u00f3wk\u0119 i\/lub nocleg.<br \/>\n* Rezygnacja (impreza bez noclegu) na mniej ni\u017c 48 godziny przed planowan\u0105 imprez\u0105\u00a0 ale przed jej rozpocz\u0119ciem &#8211; zwrot 50% kwoty wp\u0142aconej za wej\u015bci\u00f3wk\u0119.<br \/>\n* Rezygnacja (impreza z noclegiem) na mniej ni\u017c 48 godziny z przedp\u0142aconej imprezy\u00a0 nie powoduje zwrotu wp\u0142aconej kwoty.<br \/>\n* Po terminie imprezy lub\/i noclegu nie mo\u017cna z\u0142o\u017cy\u0107 skutecznej rezygnacji, a tym samym nie mo\u017cna otrzyma\u0107 zwrotu wp\u0142aconych pieni\u0119dzy.<\/p>\n<p>2. Kilkudniowe imprezy po\u0142\u0105czone z pobytami w tym r\u00f3wnie\u017c rezerwowane w ramach pakietu np. R\u00f3\u017cowe Wczasy, \u00a0Karnawa\u0142owe Weekendy oraz \u00a0imprezy specjalne (tematyczne) i noclegi po tych imprezach:<\/p>\n<p>* Rezygnacja na tydzie\u0144 przed imprez\u0105 zwrot 90% kwoty wp\u0142aconej za wej\u015bci\u00f3wk\u0119 i\/lub nocleg.<br \/>\n* Rezygnacja na mniej ni\u017c tydzie\u0144, a nie wi\u0119cej ni\u017c 3 dni przed imprez\u0105 50% kwoty wp\u0142aconej za wej\u015bci\u00f3wk\u0119 i\/lub nocleg.<br \/>\n* Rezygnacja na mniej ni\u017c trzy dni (doby) przed imprez\u0105 nie powoduje zwrotu wp\u0142aconych kwot.<\/p>\n<p>3. Rezygnacje nale\u017cy wys\u0142a\u0107 na adres: rezygnacje@jacuzziclub.pl &#8211; WY\u0141\u0104CZNIE z tej samej poczty (adresu e-mail) z kt\u00f3rego by\u0142a ona wcze\u015bniej robiona i WY\u0141\u0104CZNIE na taki adres wysy\u0142ane jest potwierdzenie rezygnacji.<\/p>\n<p>4. Osoba wysy\u0142aj\u0105ca rezygnacj\u0119 otrzyma\u00a0 potwierdzenie, \u017ce korespondencja do nas dotar\u0142a. Po otrzymaniu tego potwierdzenia rezygnacja jest skuteczna, a ewentualne przedp\u0142aty b\u0119d\u0105 zwr\u00f3cone w\/g zasad wy\u017cej opisanych.<\/p>\n<p>5. Zwroty dokonywane s\u0105 WY\u0141\u0104CZNIE na konto z kt\u00f3rego by\u0142a zrobiona przedp\u0142ata.<\/p>\n<p>6. Zwrot przedp\u0142aty dokonanej w got\u00f3wce lub przekazem pocztowym mo\u017cna otrzyma\u0107 WY\u0141\u0104CZNIE w got\u00f3wce podczas wizyty w klubie.<\/p>\n<p>Przed dokonaniem rezerwacji noclegu, prosimy pami\u0119ta\u0107, \u017ce ilo\u015b\u0107 nocleg\u00f3w jest ograniczona, a zarezerwowanie przez kogo\u015b imprezy z noclegiem i brak informacji o rezygnacji z takiej rezerwacji w okre\u015blonym czasie powoduje, \u017ce nie mo\u017cemy skutecznie udost\u0119pni\u0107 tego noclegu innym ch\u0119tnym. Oznacza to nie tylko nasze straty ale r\u00f3wnie\u017c to, \u017ce kto\u015b inny, kto by\u0142 zainteresowany wizyt\u0105 z noclegiem nie mo\u017ce do nas w tym terminie przyjecha\u0107.\u00a0 W przypadku rezygnacji z rezerwacji lub zmiany jej terminu konieczna jest odpowiednio wczesna informacja o tym. Przes\u0142anie rezygnacji z zarezerwowanego pobytu po okre\u015blonym wy\u017cej czasie lub skr\u00f3cenie rozpocz\u0119tego ju\u017c pobytu nie powoduje zwrotu wp\u0142aconej kwoty.<\/p>\n<p>UWAGA &#8211; dbaj\u0105c o bezpiecze\u0144stwo i dyskrecj\u0119 nie realizujemy zwrot\u00f3w za udzia\u0142 w imprezach na nie znane nam konta ani na konta os\u00f3b trzecich.<\/p>\n<p>&nbsp;<\/p>\n<h4><\/h4>\n<h2>Zmiana terminu wizyty:<\/h2>\n<p>Jednorazowa zmiana terminu wizyty na inny (nie p\u00f3\u017aniej ni\u017c trzy miesi\u0105ce od zarezerwowanej imprezy\/pobytu) jest mo\u017cliwa pod warunkiem ustalenia tego z nami w drodze mailowej.<\/p>\n<p>* W przypadku zmiany terminu rezerwacji dotycz\u0105cych jednej imprezy (bez noclegu) prosimy o kontakt najp\u00f3\u017aniej na 24h przed imprez\u0105.<\/p>\n<p>* W przypadku zmiany terminu rezerwacji \u00a0jednej imprezy i\/lub noclegu prosimy o kontakt najp\u00f3\u017aniej na 48h przed imprez\u0105\/noclegiem.<\/p>\n<p>* W przypadku zmiany terminu rezerwacji kilkudniowych imprez i\/lub pobyt\u00f3w prosimy kontaktowa\u0107 si\u0119 najp\u00f3\u017aniej na 72h przez imprez\u0105\/noclegiem.<\/p>\n<p>&nbsp;<\/p>\n<p>&nbsp;","protected":false},"excerpt":{"rendered":"<p>Jak dosta\u0107 zaproszenie. Przypominamy, \u017ce jeste\u015bmy prywatnym klubem dla par i pa\u0144, do kt\u00f3rego mog\u0105 by\u0107 zaroszeni singlie kt\u00f3rzy rozumiej\u0105 co znaczy &#8222;Ladies first&#8221;. Je\u015bli jeste\u015b takim singlem i chcesz do\u0142\u0105czy\u0107 do klubowego grona to postaraj si\u0119 przekona\u0107 nas aby\u015bmy to w\u0142a\u015bnie Ciebie zaprosili.\u00a0JC dzia\u0142a na zasadach cz\u0142onkowskich, a ZAPROSZENIE do takiego klubu NIE jest formalno\u015bci\u0105 i nie ka\u017cdy je&nbsp;<a href=\"https:\/\/jacuzziclub.pl\/pl\/o-nas\/zaproszenia-i-rezerwacje\/\" class=\"read-more\">Continue Reading<\/a><\/p>\n","protected":false},"author":1,"featured_media":0,"parent":547,"menu_order":2,"comment_status":"open","ping_status":"open","template":"page-fullwidth_without_sidebar.php","meta":{"_monsterinsights_skip_tracking":false,"_monsterinsights_sitenote_active":false,"_monsterinsights_sitenote_note":"","_monsterinsights_sitenote_category":0,"footnotes":""},"class_list":["post-796","page","type-page","status-publish","hentry"],"_links":{"self":[{"href":"https:\/\/jacuzziclub.pl\/pl\/wp-json\/wp\/v2\/pages\/796","targetHints":{"allow":["GET"]}}],"collection":[{"href":"https:\/\/jacuzziclub.pl\/pl\/wp-json\/wp\/v2\/pages"}],"about":[{"href":"https:\/\/jacuzziclub.pl\/pl\/wp-json\/wp\/v2\/types\/page"}],"author":[{"embeddable":true,"href":"https:\/\/jacuzziclub.pl\/pl\/wp-json\/wp\/v2\/users\/1"}],"replies":[{"embeddable":true,"href":"https:\/\/jacuzziclub.pl\/pl\/wp-json\/wp\/v2\/comments?post=796"}],"version-history":[{"count":57,"href":"https:\/\/jacuzziclub.pl\/pl\/wp-json\/wp\/v2\/pages\/796\/revisions"}],"predecessor-version":[{"id":24584,"href":"https:\/\/jacuzziclub.pl\/pl\/wp-json\/wp\/v2\/pages\/796\/revisions\/24584"}],"up":[{"embeddable":true,"href":"https:\/\/jacuzziclub.pl\/pl\/wp-json\/wp\/v2\/pages\/547"}],"wp:attachment":[{"href":"https:\/\/jacuzziclub.pl\/pl\/wp-json\/wp\/v2\/media?parent=796"}],"curies":[{"name":"wp","href":"https:\/\/api.w.org\/{rel}","templated":true}]}}