{"id":984,"date":"2015-06-24T16:26:03","date_gmt":"2015-06-24T16:26:03","guid":{"rendered":"http:\/\/jacuzziclub.pl\/?page_id=984"},"modified":"2018-04-03T19:19:54","modified_gmt":"2018-04-03T18:19:54","slug":"pierwsza-wizyta","status":"publish","type":"page","link":"https:\/\/jacuzziclub.pl\/pl\/o-nas\/pierwsza-wizyta\/","title":{"rendered":"Wizyta w klubie"},"content":{"rendered":"<div id=\"txt_container\">\n<h2><strong>Pierwsza wizyta w Jacuzzi Club &amp; Resort.<\/strong><\/h2>\n<p><strong>Bardzo cz\u0119sto nowe pary\/osoby kt\u00f3re jeszcze nigdy nie by\u0142y klubie (albo maj\u0105 z\u0142e do\u015bwiadczenia z innych klub\u00f3w) s\u0105 przekonane, \u017ce wej\u015bcie do nas wi\u0105\u017ce si\u0119 z jakim\u015b obowi\u0105zkiem zabawy z innymi Go\u015b\u0107mi. Stres na my\u015bl o takich &#8222;obowi\u0105zkach&#8221; cz\u0119sto jest tak du\u017cy, \u017ce pomimo ch\u0119ci odwiedzenia klubu nie decyduj\u0105 si\u0119 one na tak\u0105 wizyt\u0119.<\/strong><\/p>\n<p><strong>\u00a0<\/strong><strong>Chcemy Was zapewni\u0107, \u017ce charakter Jacuzzi Club &amp; Resort daje Wam gwarancje, \u017ce u nas nikt nie b\u0119dzie stara\u0142 si\u0119 Was do niczego nak\u0142ania\u0107 czy zmusza\u0107. Go\u015bcie naszego klubu to nie przypadkowi ludzie, kt\u00f3rzy wpadli na sexparty \u00a0&#8211; to Klubowicze kt\u00f3rzy podobnie jak my staraj\u0105 si\u0119 aby w klubie panowa\u0142a odpowiednia atmosfera. Tu nie ma miejsca dla \u017cadnego nachalnego pana, pani czy pary. Je\u015bli kto\u015b by si\u0119 tak zachowywa\u0142 jest automatycznie wykluczany z grona klubowicz\u00f3w.<\/strong><\/p>\n<p><strong>Ka\u017cdej nowej parze\/osobie kt\u00f3ra chce si\u0119 wybra\u0107 do klubu radzimy zreszt\u0105 aby swoj\u0105 pierwsz\u0105 wizyt\u0119 ograniczy\u0142a do zapoznania si\u0119 z klubem, sprawdzenia jak to wygl\u0105da, kto do nas przychodzi itd. Podczas takiej wizyty mo\u017cecie naturalnie skorzysta\u0107 z sauny, jacuzzi, solarium, popluska\u0107 si\u0119 w basenie czy wypi\u0107 drinka i porozmawia\u0107 z innymi Go\u015b\u0107mi, mo\u017cecie te\u017c je\u015bli b\u0119dziecie mieli ochot\u0119 pobawi\u0107 si\u0119 ze swoim partnerem w otoczeniu innych ale &#8230; nic nie musicie. To wy\u0142\u0105cznie od Was zale\u017cy czy, jak i z kim b\u0119dziecie si\u0119 bawili.\u00a0Pami\u0119tajcie, \u017ce &#8211; lepiej mie\u0107 niedosyt po pierwszej wizycie ni\u017c kaca &#8230; ale to tylko sugestia i sami podejmiecie decyzj\u0119 jak ma wygl\u0105da\u0107 Wasza pierwsza wizyta u nas.<\/strong><\/p>\n<p><strong>Bardzo cz\u0119sto nowe pary przed przyj\u015bciem do klubu staraj\u0105 si\u0119 dowiedzie\u0107 kiedy w klubie b\u0119dzie ma\u0142o Go\u015bci. Pytania takie s\u0105 podyktowane przekonaniem, \u017ce na takim kameralnym spotkaniu b\u0119dzie im za pierwszym razem \u0142atwiej. Wiele os\u00f3b wyobra\u017ca sobie, \u017ce te du\u017ce imprezy organizowane w klubie to po prostu wieeelkie sexorgie \ud83d\ude42 &#8230; a naprawd\u0119 wygl\u0105da to inaczej \ud83d\ude42<\/strong><\/p>\n<p><strong>Naturalnie, ze je\u015bli w klubie jest np. 100 czy 200 os\u00f3b to bardzo wiele z nich &#8222;bawi si\u0119&#8221; z innymi Go\u015b\u0107mi, czasami faktycznie s\u0105 to zabawy w du\u017cym czy nawet w bardzo du\u017cym gronie ale kluby s\u0105 naprawd\u0119 du\u017ce i s\u0105 miejsca gdzie zabawa ogranicza si\u0119 np. do ta\u0144ca, \u017cart\u00f3w i rozmowy &#8211; tyle, \u017ce wszystko jest w &#8222;atmosferze klubu&#8221;, w strojach klubowych itd. B\u0119d\u0105c na takiej nawet najwi\u0119kszej imprezie mo\u017cna praktycznie nie mie\u0107 styczno\u015bci z tymi miejscami w klubie gdzie s\u0105 jakie\u015b erotyczne zabawy.\u00a0<\/strong><strong>Wbrew pozorom \u0142atwiej jest odnale\u017a\u0107 si\u0119 lub zgubi\u0107 &#8211; jak kto woli \ud83d\ude09 w wi\u0119kszym gronie.<\/strong><strong>\u00a0<\/strong><strong>\u00a0<\/strong><\/p>\n<h2><strong>Jak si\u0119 &#8222;ubra\u0107&#8221; do klubu?<\/strong><\/h2>\n<p><strong>To cz\u0119ste pytanie os\u00f3b kt\u00f3re nigdy nie by\u0142y w klubie. Po pierwsze nie ma co przesadza\u0107 z zakupami, klub to nie wybieg dla modelek ale miejsce w kt\u00f3rym macie si\u0119 zrelaksowa\u0107 &#8211; niemniej jednak wymagamy pewnej elegancji. Ale to tak jak w \u017cyciu, id\u0105c do kogo\u015b wizyt\u0105 po prostu powinni\u015bmy wygl\u0105da\u0107 dobrze. Nie wymagamy frak\u00f3w czy wieczorowych kolekcji ale je\u015bli w drzwiach zobaczymy kogo\u015b w bejsbol\u00f3wce i ze z\u0142otym \u0142a\u0144cuchem na szyi albo ubranego jak na w\u0119dkowanie lub bieganie w lesie &#8230; to osoba taka mo\u017ce by\u0107 pewna, \u017ce do klubu nie wejdzie.<\/strong><br \/>\n<strong>Osobom kt\u00f3re u nas nie by\u0142y podpowiadamy, \u017ce na klubowych imprezach panie najcz\u0119\u015bciej chodz\u0105 w bieli\u017anie &#8211; mo\u017ce to by\u0107 body albo stringi i biustonosz (albo bez biustonosza) lub jakie\u015b seksi przebranie, czasami to np. gorset, po\u0144czochy i szpilki. Bywaj\u0105 te\u017c panie kt\u00f3re korzystaj\u0105 z kostium\u00f3w pla\u017cowych lub chodz\u0105 po prostu nago.<\/strong><\/p>\n<p><strong>Panowie najcz\u0119\u015bciej chodz\u0105 w klubie po prostu w bokserkach, czasami zak\u0142adaj\u0105 dodatkowo jak\u0105\u015b koszulk\u0119 lub przebranie zwi\u0105zane z tematem imprezy. \u00a0<\/strong><\/p>\n<p><strong>Czasami to po prostu r\u0119cznik i klapki ale tak \u00a0Go\u015bcie chodz\u0105 po klubie zazwyczaj w zwyk\u0142e dni klubowe kiedy wi\u0119kszo\u015b\u0107 z nich korzysta z sauny, jacuzzi czy basenu. Na pi\u0105tkowych i sobotnich imprezach Go\u015bcie najcz\u0119\u015bciej s\u0105 w bieli\u017anie, a je\u015bli to impreza tematyczna to wiele os\u00f3b ma na sobie np. jakie\u015b seksi przebrania zwi\u0105zane z tematem zabawy.<\/strong><\/p>\n<h2><strong>Klubowy Savoir-vivre.<\/strong><\/h2>\n<p><strong>Czyli jak si\u0119 zachowywa\u0107 w klubach aby zosta\u0107 dobrze odebranym przez innych i mie\u0107 wi\u0119ksze szanse na do\u0142\u0105czenie do zabawy.\u00a0<\/strong><\/p>\n<p><strong>W \u015brodowisku ludzi swinguj\u0105cych w klubach obowi\u0105zuj\u0105 pewne nie pisane ale przyj\u0119te przez wi\u0119kszo\u015b\u0107 zasady. Zastosowanie si\u0119 do nich mo\u017ce u\u0142atwi\u0107 kontakt z innymi osobami w klubie i daje wi\u0119ksze szanse na zaproszenie do zabawy. Higiena, takt i szacunek do innych &#8211; bez tego nikt nie b\u0119dzie mile widzianym Go\u015bciem w \u017cadnym szanuj\u0105cym si\u0119 klubie. Ni\u017cej w paru zdaniach pokusili\u015bmy si\u0119 o przedstawienie kilku takich absolutnie podstawowych i uniwersalnych zasad klubowego &#8222;Savoir-vivre&#8221;.<\/strong><\/p>\n<p><strong>Przed przyj\u0119ciem od kogo\u015b zaproszenia do intymnej zabawy lub przed z\u0142o\u017ceniem takiej propozycji komu\u015b innemu konieczny jest prysznic. Argument, \u017ce &#8222;bra\u0142em prysznic w domu przed wyj\u015bciem do klubu&#8221; pokazuje raczej to, \u017ce nie do ko\u0144ca szanujemy innych i na pewno dla wielu os\u00f3b kto\u015b taki b\u0119dzie ju\u017c &#8222;skre\u015blony&#8221;. Je\u015bli jeste\u015b po d\u0142u\u017cszej drodze to najlepiej skorzystaj z prysznica od razu po wej\u015bciu do klubu, zanim usi\u0105dziesz w towarzystwie innych.<\/strong><br \/>\n<strong>Korzystaj\u0105c z prysznica nie ograniczaj si\u0119 do wymycia plec\u00f3w \ud83d\ude09 By\u0107 mo\u017ce intensywne intymne zapachy dla Twojego partnera s\u0105 czym\u015b podniecaj\u0105cym ale wcale nie oznacza to, ze odpowiadaj\u0105 one te\u017c innym.<\/strong><\/p>\n<p><strong>Depilacja &#8230;. to na dzie\u0144 dzisiejszy po prostu norma i w klubach osoby kt\u00f3re nie dbaj\u0105 o depilacje miejsc intymnych &#8222;s\u0105 jak na widelcu&#8221;. Os\u00f3b z &#8222;zarostem&#8221; ju\u017c praktycznie nie widuje si\u0119 w takich miejscach, a je\u015bli si\u0119 zdarzaj\u0105 to zazwyczaj s\u0105 one tam po raz pierwszy. Wi\u0119kszo\u015b\u0107 bywalc\u00f3w klub\u00f3w unika nawet kontaktu z osobami &#8222;z zarostem&#8221;.<\/strong><\/p>\n<p><strong>Zarost na twarzy u pan\u00f3w &#8230; naturalnie s\u0105 panowie kt\u00f3rym z zadbanym zarostem dobrze, ale to naprawd\u0119 wyj\u0105tki. Trzeba te\u017c odr\u00f3\u017cni\u0107 zadbany zarost kt\u00f3ry ma tylko podkre\u015bli\u0107 np. charakter pana od zwyk\u0142ej nie ogolonej brody czy w\u0105s\u00f3w.<\/strong><\/p>\n<p><strong>Sex w prezerwatywie czy bez &#8230;&#8230; Czasami bywaj\u0105 osoby kt\u00f3re w gronie swoich bliskich znajomych bawi\u0105 si\u0119 bez prezerwatyw. Mo\u017cna to jeszcze zrozumie\u0107 w w\u0105skim gronie znajomych ale w klubie gdzie spotykasz si\u0119 z kim\u015b obcym, kogo by\u0107 mo\u017ce widzisz pierwszy raz zupe\u0142nie nie na miejscu jest pytanie czy &#8222;sex w prezerwatywie czy bez&#8221;. Osoby zadaj\u0105ce takie pytanie s\u0105 \u017ale postrzegane, a osoby kt\u00f3re nalegaj\u0105 na sex bez prezerwatywy s\u0105 postrzegane bardzo \u017ale, a wr\u0119cz unikane przez wi\u0119kszo\u015b\u0107 innych Go\u015bci &#8230;.. i miejsca w klubie raczej nie zagrzej\u0105.<\/strong><\/p>\n<p><strong>Zabawy Gang Bang i prezerwatywy&#8230;. Panowie bawi\u0105cy si\u0119 jednocze\u015bnie z kilkoma partnerkami na takich zabawach musz\u0105 pami\u0119ta\u0107 o zmianie prezerwatyw za ka\u017cdym razem gdy zmieniaj\u0105 partnerk\u0119. Nie chodzi nawet o przenoszenie powa\u017cniejszych chor\u00f3b z partnerki na partnerk\u0119 ale ka\u017cda pani ma inn\u0105 flor\u0119 bakteryjn\u0105 i taka zabawa nara\u017ca j\u0105 po prostu na infekcje. Zar\u00f3wno panie jak i panowie powinni pami\u0119ta\u0107 nie tylko o tym aby samemu si\u0119 zabezpieczy\u0107 ale musz\u0105 te\u017c my\u015ble\u0107 o innych osobach z kt\u00f3rymi si\u0119 bawi\u0105 &#8211; to po prostu szacunek do innych.<\/strong><\/p>\n<p><strong>Bardzo \u017ale w ka\u017cdym klubie widziani s\u0105 Go\u015bcie kt\u00f3rzy pozostawiaj\u0105 po sobie nieporz\u0105dek. Pozostawianie w pokojach zu\u017cytych prezerwatyw, prze\u015bcierade\u0142 czy r\u0119cznik\u00f3w po prostu \u017ale \u015bwiadczy o takich osobach i utrudnia innym bawi\u0105cym si\u0119 korzystanie z tych pomieszcze\u0144. Nale\u017cy pami\u0119ta\u0107, \u017ce w wi\u0119kszo\u015bci klub\u00f3w z racji ich charakteru w czasie spotka\u0144 klubowych nie ma sprz\u0105taczek, kelnerek itp.<\/strong><\/p>\n<h2><strong>Pro\u015bba do sta\u0142ych klubowicz\u00f3w.<\/strong><\/h2>\n<p><strong>Odwiedza nas coraz wi\u0119cej Go\u015bci i bywa czasami tak, \u017ce kto\u015b w &#8222;ogniu walki&#8221; zapomni, \u017ce jest w klubie i zostawia po sobie w pokoju r\u0119czniki, prze\u015bcierad\u0142a i \u015bmieci. Przypominamy, \u017ce wszyscy klubowicze maj\u0105 takie samo prawo jak my zwraca\u0107 &#8222;zapominalskim&#8221; uwag\u0119 aby zostawiali po sobie pokoje w takim stanie \u017ceby kolejni wchodz\u0105cy tam Go\u015bcie mogli si\u0119 bawi\u0107, a nie sprz\u0105ta\u0107 po nich. B\u0119dziemy wdzi\u0119czni za pomoc. Osoby kt\u00f3re nie b\u0119d\u0105 chcia\u0142y zrozumie\u0107 klubowych zasad i zwyczaj\u00f3w b\u0119d\u0105 wykre\u015blane z klubowego grona &#8211; to w interesie nas wszystkich.\u00a0<\/strong><\/p>\n<\/div>\n<div id=\"newsletter\"><\/div>","protected":false},"excerpt":{"rendered":"<p>Pierwsza wizyta w Jacuzzi Club &amp; Resort. Bardzo cz\u0119sto nowe pary\/osoby kt\u00f3re jeszcze nigdy nie by\u0142y klubie (albo maj\u0105 z\u0142e do\u015bwiadczenia z innych klub\u00f3w) s\u0105 przekonane, \u017ce wej\u015bcie do nas wi\u0105\u017ce si\u0119 z jakim\u015b obowi\u0105zkiem zabawy z innymi Go\u015b\u0107mi. Stres na my\u015bl o takich &#8222;obowi\u0105zkach&#8221; cz\u0119sto jest tak du\u017cy, \u017ce pomimo ch\u0119ci odwiedzenia klubu nie decyduj\u0105 si\u0119 one na tak\u0105&nbsp;<a href=\"https:\/\/jacuzziclub.pl\/pl\/o-nas\/pierwsza-wizyta\/\" class=\"read-more\">Continue Reading<\/a><\/p>\n","protected":false},"author":1,"featured_media":0,"parent":547,"menu_order":3,"comment_status":"open","ping_status":"open","template":"page-fullwidth_without_sidebar.php","meta":{"_monsterinsights_skip_tracking":false,"_monsterinsights_sitenote_active":false,"_monsterinsights_sitenote_note":"","_monsterinsights_sitenote_category":0,"footnotes":""},"class_list":["post-984","page","type-page","status-publish","hentry"],"_links":{"self":[{"href":"https:\/\/jacuzziclub.pl\/pl\/wp-json\/wp\/v2\/pages\/984","targetHints":{"allow":["GET"]}}],"collection":[{"href":"https:\/\/jacuzziclub.pl\/pl\/wp-json\/wp\/v2\/pages"}],"about":[{"href":"https:\/\/jacuzziclub.pl\/pl\/wp-json\/wp\/v2\/types\/page"}],"author":[{"embeddable":true,"href":"https:\/\/jacuzziclub.pl\/pl\/wp-json\/wp\/v2\/users\/1"}],"replies":[{"embeddable":true,"href":"https:\/\/jacuzziclub.pl\/pl\/wp-json\/wp\/v2\/comments?post=984"}],"version-history":[{"count":17,"href":"https:\/\/jacuzziclub.pl\/pl\/wp-json\/wp\/v2\/pages\/984\/revisions"}],"predecessor-version":[{"id":3061,"href":"https:\/\/jacuzziclub.pl\/pl\/wp-json\/wp\/v2\/pages\/984\/revisions\/3061"}],"up":[{"embeddable":true,"href":"https:\/\/jacuzziclub.pl\/pl\/wp-json\/wp\/v2\/pages\/547"}],"wp:attachment":[{"href":"https:\/\/jacuzziclub.pl\/pl\/wp-json\/wp\/v2\/media?parent=984"}],"curies":[{"name":"wp","href":"https:\/\/api.w.org\/{rel}","templated":true}]}}