{"id":998,"date":"2015-06-24T17:32:01","date_gmt":"2015-06-24T17:32:01","guid":{"rendered":"http:\/\/jacuzziclub.pl\/?page_id=998"},"modified":"2023-11-15T16:01:32","modified_gmt":"2023-11-15T15:01:32","slug":"co-gdzie-i-kto-moze-wejsc","status":"publish","type":"page","link":"https:\/\/jacuzziclub.pl\/pl\/o-nas\/co-gdzie-i-kto-moze-wejsc\/","title":{"rendered":"Co, gdzie i kto mo\u017ce wej\u015b\u0107?"},"content":{"rendered":"<span style=\"color: #999999;\"><strong>Jacuzzi Club to naprawd\u0119 miejsce inne ni\u017c wszystkie pozosta\u0142e lokale w kraju organizuj\u0105ce spotkania dla swinguj\u0105cych par. Jacuzzi Club to przede wszystkim &#8222;ludzie&#8221;, to grono os\u00f3b o podobnych zainteresowaniach spotykaj\u0105ce si\u0119 na klubowych spotkaniach i imprezach. \u00a0Zgodnie z profilem klubu jego cz\u0142onkami mog\u0105 zosta\u0107 hetero seksualni panowie oraz bi i hetero seksualne panie. Takie ograniczenie nie jest \u017cadn\u0105 form\u0105 dyskryminacji. Po prostu wiemy, \u017ce nie mo\u017cna zrobi\u0107 dobrego klubu dla wszystkich i aby zagwarantowa\u0107 naszym Go\u015bciom maksimum komfortu musimy okre\u015bli\u0107 profil klubu.<\/strong><\/span><br \/>\n<span style=\"color: #999999;\"> <strong>W klubie nie ma obcych ani wrog\u00f3w, s\u0105 tylko przyjaciele i koledzy tzn. osoby kt\u00f3re wzajemnie si\u0119 szanuj\u0105. Nikt tu nikogo nie obgaduje ani nie stara si\u0119 nikomu zaszkodzi\u0107. Je\u015bli ta podstawowa zasada Jacuzzi Clubu jest komu\u015b obca i szuka on po prostu rozrywki bez ogl\u0105dania si\u0119 na innych &#8211; powinien szuka\u0107 dalej, bo Jacuzzi Club nie jest dla niego.\u00a0<\/strong><\/span><\/p>\n<p><span style=\"color: #999999;\"><strong>W odr\u00f3\u017cnieniu od lokali do kt\u00f3rych wej\u015b\u0107 mo\u017ce ka\u017cdy kto op\u0142aci\u0142 wej\u015bci\u00f3wk\u0119, do naszego klubu wej\u015b\u0107 mog\u0105 wy\u0142\u0105cznie klubowicze i osoby przez nas zaproszone na konkretny dzie\u0144. Budujemy KLUB czyli miejsce spotka\u0144 okre\u015blonego grona os\u00f3b i grono to jest poszerzane przez samych klubowicz\u00f3w. Taka formu\u0142a klubu gwarantuje naszym Go\u015bciom, \u017ce osoby z kt\u00f3rymi spotkaj\u0105 si\u0119 w Jacuzzi Clubie b\u0119d\u0105 w\u0142a\u015bnie tymi z kt\u00f3rymi chc\u0105 si\u0119 spotyka\u0107 i nie trafi\u0105 tu przypadkowi ludzie.<\/strong><\/span><\/p>\n<p><span style=\"color: #999999;\"><strong>Jacuzzi Club \u2013 to cz\u0119\u015b\u0107 o\u015brodka po\u0142o\u017conego pod Gda\u0144skiem, zaledwie 15 minut jazdy od pla\u017c na Wyspie Sobieszewskiej. W kompleksie kilku budynk\u00f3w Go\u015bcie maj\u0105 \u0142\u0105cznie do dyspozycji ponad 80 r\u00f3\u017cnych pokoi, sal, sypialni i miejsc do zabawy oraz odpoczynku\/noclegu.<\/strong><\/span><\/p>\n<h2><strong>W o\u015brodku funkcjonuj\u0105 r\u00f3\u017cne kluby i strefy zabawy, w tym:<\/strong><\/h2>\n<p><strong>&#8211; Strefa bez sexu<\/strong><\/p>\n<p><span style=\"color: #999999;\"><b>&#8211; Tylko dla Par<\/b><\/span><\/p>\n<p><span style=\"color: #999999;\"><b>&#8211; Gang Bang \/ Glory hole<\/b><\/span><\/p>\n<p><span style=\"color: #999999;\"><b>&#8211; Cuckold<\/b><\/span><\/p>\n<p><span style=\"color: #999999;\"><b>&#8211; Fetish\/BDSM<\/b><\/span><\/p>\n<p><span style=\"color: #999999;\"><b>&#8211; Sex Party <\/b><\/span><\/p>\n<p><span style=\"color: #999999;\"><b>&#8211; Pool &amp; Disco Party<\/b><\/span><\/p>\n<h2><\/h2>\n<h2><strong>W wewn\u0119trznej cz\u0119\u015bci o\u015brodka na Go\u015bci czekaj\u0105 te\u017c:\u00a0<\/strong><\/h2>\n<p><b>&#8211; Sauna<\/b><\/p>\n<p><span style=\"color: #999999;\"><b>&#8211; Jacuzzi<\/b><\/span><\/p>\n<p><span style=\"color: #999999;\"><b>&#8211; Bary<\/b><\/span><\/p>\n<p><span style=\"color: #999999;\"><b>&#8211; Bufet\u00a0<\/b><\/span><\/p>\n<p><span style=\"color: #999999;\"><b>&#8211; Dyskoteka<\/b><\/span><\/p>\n<h2><\/h2>\n<h2><strong>W zewn\u0119trznej cz\u0119\u015bci o\u015brodka mamy dla Go\u015bci:\u00a0<\/strong><\/h2>\n<p><span style=\"color: #999999;\"><b>&#8211; Prywatn\u0105 pla\u017c\u0119 &#8211; 5000 m.kw<\/b><\/span><\/p>\n<p><span style=\"color: #999999;\"><b>&#8211; Le\u017caki i \u0142\u00f3\u017cka z baldachimami<\/b><\/span><\/p>\n<p><span style=\"color: #999999;\"><b>&#8211; Baseny<\/b><\/span><\/p>\n<p><span style=\"color: #999999;\"><b>&#8211; Domek grillowy<\/b><\/span><\/p>\n<p><span style=\"color: #999999;\"><b>&#8211; Boisko do siatk\u00f3wki pla\u017cowej<\/b><\/span><\/p>\n<p><span style=\"color: #999999;\"><b>&#8211; Stref\u0105 pla\u017cowych sex party<\/b><\/span><\/p>\n<p><span style=\"color: #999999;\"><b>&#8211; Du\u017cy staw na kt\u00f3rym ju\u017c nied\u0142ugo poka\u017c\u0105 si\u0119 \u0142\u00f3deczki, b\u0119dzie mo\u017cna te\u017c pow\u0119dkowa\u0107.<\/b><\/span><\/p>\n<p><span style=\"color: #999999;\"><b>&#8211; Na terenie znajduj\u0105 si\u0119 te\u017c parkingi oraz hostel z pokojami i apartamentami. Ca\u0142o\u015b\u0107 jest ogrodzona 2m murem, a wjazd na teren maj\u0105 wy\u0142\u0105cznie nasi Go\u015bci.<\/b><\/span><\/p>\n<h2><strong>Po co odr\u0119bne kluby i strefy zabawy?<\/strong><\/h2>\n<p><span style=\"color: #999999;\"><strong>Aby zagwarantowa\u0107 naszym Go\u015bciom komfort stworzyli\u015bmy \u00a0na terenie o\u015brodka odr\u0119bne kluby i specjalne, tematyczne strefy zabawy. Wydzielone zosta\u0142y np. &#8222;strefa bez sexu&#8221;, &#8222;strefa tylko dla par i pa\u0144\u201d, &#8222;Oczy szeroko zamkni\u0119te&#8221; itp.<\/strong><\/span><\/p>\n<p><span style=\"color: #999999;\"><strong>Zasady funkcjonowania strefy bez sexu wyja\u015bnia\u0107 nie trzeba, a strefa tylko dla par to rozwi\u0105zanie kt\u00f3re u\u0142atwia zabaw\u0119 tym kt\u00f3rzy chc\u0105 bawi\u0107 si\u0119 wy\u0142\u0105cznie w gronie par, teraz nie musz\u0105 oni ju\u017c czeka\u0107 na imprezy \u201ewy\u0142\u0105cznie dla par\u201d i mog\u0105 zawsze bawi\u0107 si\u0119 w klubie w tylko z innymi parami. Strefa &#8222;Oczy szeroko zamkni\u0119te&#8221; to natomiast miejsce w kt\u00f3rym osoby bior\u0105ce udzia\u0142 w zabawie musz\u0105 przestrzega\u0107 regu\u0142 okre\u015blonych przez prowadz\u0105cego zabaw\u0119 itd. itd.<\/strong><\/span><\/p>\n<p><span style=\"color: #999999;\"><strong>Sk\u0105d pomys\u0142 &#8222;strefy tylko dla par i pa\u0144\u201d? Ka\u017cdy kto by\u0142 w klubach czy lokalach organizuj\u0105cych &#8222;imprezy TYLKO dla par&#8221; mia\u0142 okazje si\u0119 przekona\u0107, \u017ce jest to pewnego rodzaju fikcja. Na spotkania takie przychodz\u0105 co prawda pary ale w trakcie wieczoru bywa np. tak, \u017ce partnerka sp\u0119dza czas z kim\u015b np. przy barze, a jej m\u0105\u017c\/partner &#8222;szuka&#8221; zabawy dla siebie.<\/strong> <strong>Formalnie ten pan to &#8222;cz\u0119\u015b\u0107 pary&#8221; ale dla par szukaj\u0105cych zabawy tylko z parami, taki pan wchodz\u0105cy do pokoju jest po prostu singlem i u nas &#8222;taki pan&#8221; nie mo\u017ce sam wej\u015b\u0107 do strefy dla par.<\/strong><\/span><\/p>\n<p><span style=\"color: #999999;\"><strong>Systematycznie rozbudowujemy ca\u0142y o\u015brodek, a w Jacuzzi Clubie budujemy prawdziwy KLUB, czyli miejsce spotka\u0144 okre\u015blonego grona os\u00f3b &#8211; Klubowicz\u00f3w. Jeste\u015bmy najwi\u0119kszym klubem w Polsce i jednym z najwi\u0119kszych klub\u00f3w w Europie. \u00a0<\/strong><strong>To w\u0142a\u015bnie u nas organizowane s\u0105 najliczniejsze spotkania swingers\u00f3w w Polsce, niekt\u00f3re z naszych swingers party gromadz\u0105 grono ponad 300 uczestnik\u00f3w. To na pewno najwi\u0119ksze takie imprezy w Polsce i jedne z najwi\u0119kszych w Europie \ud83d\ude42<\/strong><\/span><\/p>\n<p><span style=\"color: #999999;\"> <strong>To wszystko udaje si\u0119 robi\u0107 dzi\u0119ki obowi\u0105zuj\u0105cym u nas zasadom i zupe\u0142nie niepowtarzalnej atmosferze jak\u0105 w klubie tworz\u0105 Klubowicze.<\/strong><\/span>","protected":false},"excerpt":{"rendered":"<p>Jacuzzi Club to naprawd\u0119 miejsce inne ni\u017c wszystkie pozosta\u0142e lokale w kraju organizuj\u0105ce spotkania dla swinguj\u0105cych par. Jacuzzi Club to przede wszystkim &#8222;ludzie&#8221;, to grono os\u00f3b o podobnych zainteresowaniach spotykaj\u0105ce si\u0119 na klubowych spotkaniach i imprezach. \u00a0Zgodnie z profilem klubu jego cz\u0142onkami mog\u0105 zosta\u0107 hetero seksualni panowie oraz bi i hetero seksualne panie. Takie ograniczenie nie jest \u017cadn\u0105 form\u0105 dyskryminacji.&nbsp;<a href=\"https:\/\/jacuzziclub.pl\/pl\/o-nas\/co-gdzie-i-kto-moze-wejsc\/\" class=\"read-more\">Continue Reading<\/a><\/p>\n","protected":false},"author":1,"featured_media":0,"parent":547,"menu_order":4,"comment_status":"open","ping_status":"open","template":"page-fullwidth_without_sidebar.php","meta":{"_monsterinsights_skip_tracking":false,"_monsterinsights_sitenote_active":false,"_monsterinsights_sitenote_note":"","_monsterinsights_sitenote_category":0,"footnotes":""},"class_list":["post-998","page","type-page","status-publish","hentry"],"_links":{"self":[{"href":"https:\/\/jacuzziclub.pl\/pl\/wp-json\/wp\/v2\/pages\/998","targetHints":{"allow":["GET"]}}],"collection":[{"href":"https:\/\/jacuzziclub.pl\/pl\/wp-json\/wp\/v2\/pages"}],"about":[{"href":"https:\/\/jacuzziclub.pl\/pl\/wp-json\/wp\/v2\/types\/page"}],"author":[{"embeddable":true,"href":"https:\/\/jacuzziclub.pl\/pl\/wp-json\/wp\/v2\/users\/1"}],"replies":[{"embeddable":true,"href":"https:\/\/jacuzziclub.pl\/pl\/wp-json\/wp\/v2\/comments?post=998"}],"version-history":[{"count":23,"href":"https:\/\/jacuzziclub.pl\/pl\/wp-json\/wp\/v2\/pages\/998\/revisions"}],"predecessor-version":[{"id":24428,"href":"https:\/\/jacuzziclub.pl\/pl\/wp-json\/wp\/v2\/pages\/998\/revisions\/24428"}],"up":[{"embeddable":true,"href":"https:\/\/jacuzziclub.pl\/pl\/wp-json\/wp\/v2\/pages\/547"}],"wp:attachment":[{"href":"https:\/\/jacuzziclub.pl\/pl\/wp-json\/wp\/v2\/media?parent=998"}],"curies":[{"name":"wp","href":"https:\/\/api.w.org\/{rel}","templated":true}]}}